{"id":29,"date":"2023-01-11T18:00:08","date_gmt":"2023-01-11T17:00:08","guid":{"rendered":"https:\/\/unspokeneyes.com\/?page_id=29"},"modified":"2024-06-09T21:57:23","modified_gmt":"2024-06-09T19:57:23","slug":"naslovna","status":"publish","type":"page","link":"https:\/\/unspokeneyes.com\/en\/","title":{"rendered":"HOME"},"content":{"rendered":"<div data-elementor-type=\"wp-page\" data-elementor-id=\"29\" class=\"elementor elementor-29\">\n\t\t\t\t<div class=\"elementor-element elementor-element-5f14b1e e-con-full e-flex e-con e-parent\" data-id=\"5f14b1e\" data-element_type=\"container\" data-settings=\"{&quot;background_background&quot;:&quot;classic&quot;}\">\n\t\t<div class=\"elementor-element elementor-element-82f6574 e-con-full e-flex e-con e-child\" data-id=\"82f6574\" data-element_type=\"container\" data-settings=\"{&quot;background_background&quot;:&quot;classic&quot;}\">\n\t\t\t\t<div class=\"elementor-element elementor-element-12b5dc2 elementor-widget elementor-widget-image\" data-id=\"12b5dc2\" data-element_type=\"widget\" data-widget_type=\"image.default\">\n\t\t\t\t<div class=\"elementor-widget-container\">\n\t\t\t\t\t\t\t\t\t\t\t\t\t\t\t<img decoding=\"async\" src=\"https:\/\/unspokeneyes.com\/wp-content\/uploads\/2023\/01\/admin-ajax-blue.png\" title=\"\" alt=\"\" loading=\"lazy\" \/>\t\t\t\t\t\t\t\t\t\t\t\t\t\t\t<\/div>\n\t\t\t\t<\/div>\n\t\t\t\t<div class=\"elementor-element elementor-element-bd37935 animated-slow elementor-widget elementor-widget-heading\" data-id=\"bd37935\" data-element_type=\"widget\" data-settings=\"{&quot;_animation&quot;:&quot;none&quot;}\" data-widget_type=\"heading.default\">\n\t\t\t\t<div class=\"elementor-widget-container\">\n\t\t\t\t\t<h1 class=\"elementor-heading-title elementor-size-default\">Unspoken Eyes<\/h1>\t\t\t\t<\/div>\n\t\t\t\t<\/div>\n\t\t\t\t<div class=\"elementor-element elementor-element-b1fbdbf elementor-widget-divider--view-line elementor-widget elementor-widget-divider\" data-id=\"b1fbdbf\" data-element_type=\"widget\" data-widget_type=\"divider.default\">\n\t\t\t\t<div class=\"elementor-widget-container\">\n\t\t\t\t\t\t\t<div class=\"elementor-divider\">\n\t\t\t<span class=\"elementor-divider-separator\">\n\t\t\t\t\t\t<\/span>\n\t\t<\/div>\n\t\t\t\t\t\t<\/div>\n\t\t\t\t<\/div>\n\t\t\t\t<div class=\"elementor-element elementor-element-293288f animated-slow elementor-widget__width-inherit elementor-widget elementor-widget-heading\" data-id=\"293288f\" data-element_type=\"widget\" data-settings=\"{&quot;_animation&quot;:&quot;none&quot;,&quot;_animation_delay&quot;:1000}\" data-widget_type=\"heading.default\">\n\t\t\t\t<div class=\"elementor-widget-container\">\n\t\t\t\t\t<h1 class=\"elementor-heading-title elementor-size-default\">INTERSPECIES ANIMAL COMMUNICATION<\/h1>\t\t\t\t<\/div>\n\t\t\t\t<\/div>\n\t\t\t\t<\/div>\n\t\t\t\t<\/div>\n\t\t<div class=\"elementor-element elementor-element-b79b0c1 e-flex e-con-boxed e-con e-parent\" data-id=\"b79b0c1\" data-element_type=\"container\" data-settings=\"{&quot;background_background&quot;:&quot;classic&quot;}\">\n\t\t\t\t\t<div class=\"e-con-inner\">\n\t\t<div class=\"elementor-element elementor-element-b47efd2 e-flex e-con-boxed e-con e-child\" data-id=\"b47efd2\" data-element_type=\"container\">\n\t\t\t\t\t<div class=\"e-con-inner\">\n\t\t\t\t<div class=\"elementor-element elementor-element-ae0dcc5 e-transform e-transform elementor-widget elementor-widget-image\" data-id=\"ae0dcc5\" data-element_type=\"widget\" data-settings=\"{&quot;_transform_translateY_effect&quot;:{&quot;unit&quot;:&quot;px&quot;,&quot;size&quot;:77,&quot;sizes&quot;:[]},&quot;_transform_translateY_effect_mobile&quot;:{&quot;unit&quot;:&quot;px&quot;,&quot;size&quot;:13,&quot;sizes&quot;:[]},&quot;_transform_scale_effect&quot;:{&quot;unit&quot;:&quot;px&quot;,&quot;size&quot;:1.3000000000000000444089209850062616169452667236328125,&quot;sizes&quot;:[]},&quot;_transform_translateX_effect&quot;:{&quot;unit&quot;:&quot;px&quot;,&quot;size&quot;:&quot;&quot;,&quot;sizes&quot;:[]},&quot;_transform_translateX_effect_tablet&quot;:{&quot;unit&quot;:&quot;px&quot;,&quot;size&quot;:&quot;&quot;,&quot;sizes&quot;:[]},&quot;_transform_translateX_effect_mobile&quot;:{&quot;unit&quot;:&quot;px&quot;,&quot;size&quot;:&quot;&quot;,&quot;sizes&quot;:[]},&quot;_transform_translateY_effect_tablet&quot;:{&quot;unit&quot;:&quot;px&quot;,&quot;size&quot;:&quot;&quot;,&quot;sizes&quot;:[]},&quot;_transform_scale_effect_tablet&quot;:{&quot;unit&quot;:&quot;px&quot;,&quot;size&quot;:&quot;&quot;,&quot;sizes&quot;:[]},&quot;_transform_scale_effect_mobile&quot;:{&quot;unit&quot;:&quot;px&quot;,&quot;size&quot;:&quot;&quot;,&quot;sizes&quot;:[]}}\" data-widget_type=\"image.default\">\n\t\t\t\t<div class=\"elementor-widget-container\">\n\t\t\t\t\t\t\t\t\t\t\t\t\t\t\t<img fetchpriority=\"high\" decoding=\"async\" width=\"400\" height=\"225\" src=\"https:\/\/unspokeneyes.com\/wp-content\/uploads\/2023\/01\/thumbnail_1474459921224-1.jpg\" class=\"attachment-large size-large wp-image-291\" alt=\"alt=\u201ddjevojka ljubi bijelog psa u naru\u010dju\u201d\" srcset=\"https:\/\/unspokeneyes.com\/wp-content\/uploads\/2023\/01\/thumbnail_1474459921224-1.jpg 400w, https:\/\/unspokeneyes.com\/wp-content\/uploads\/2023\/01\/thumbnail_1474459921224-1-300x169.jpg 300w\" sizes=\"(max-width: 400px) 100vw, 400px\" \/>\t\t\t\t\t\t\t\t\t\t\t\t\t\t\t<\/div>\n\t\t\t\t<\/div>\n\t\t\t\t\t<\/div>\n\t\t\t\t<\/div>\n\t\t<div class=\"elementor-element elementor-element-d935b88 e-con-full e-flex e-con e-child\" data-id=\"d935b88\" data-element_type=\"container\" data-settings=\"{&quot;background_background&quot;:&quot;classic&quot;}\">\n\t\t\t\t<div class=\"elementor-element elementor-element-7677797 animated-slow elementor-invisible elementor-widget elementor-widget-heading\" data-id=\"7677797\" data-element_type=\"widget\" data-settings=\"{&quot;_animation&quot;:&quot;fadeIn&quot;,&quot;_animation_delay&quot;:100}\" data-widget_type=\"heading.default\">\n\t\t\t\t<div class=\"elementor-widget-container\">\n\t\t\t\t\t<h2 class=\"elementor-heading-title elementor-size-default\">ABOUT UNSPOKEN EYES<\/h2>\t\t\t\t<\/div>\n\t\t\t\t<\/div>\n\t\t\t\t<div class=\"elementor-element elementor-element-31b0d55 animated-slow elementor-invisible elementor-widget elementor-widget-text-editor\" data-id=\"31b0d55\" data-element_type=\"widget\" data-settings=\"{&quot;_animation&quot;:&quot;fadeInUp&quot;,&quot;_animation_delay&quot;:300}\" data-widget_type=\"text-editor.default\">\n\t\t\t\t<div class=\"elementor-widget-container\">\n\t\t\t\t\t\t\t\t\t<p>Unspoken Eyes is a small business for <strong>consulting about animals.<\/strong>.<\/p><p>The way I am able to communicate with\nanimals is via telepathy, <strong>by looking at their eyes.<\/strong>Those eyes hold a whole other universe, a bunch of unspoken things. There comes the idea for the name.<\/p>\t\t\t\t\t\t\t\t<\/div>\n\t\t\t\t<\/div>\n\t\t\t\t<div class=\"elementor-element elementor-element-425b560 elementor-align-center elementor-invisible elementor-widget elementor-widget-button\" data-id=\"425b560\" data-element_type=\"widget\" data-settings=\"{&quot;_animation&quot;:&quot;fadeInUp&quot;,&quot;_animation_delay&quot;:600}\" data-widget_type=\"button.default\">\n\t\t\t\t<div class=\"elementor-widget-container\">\n\t\t\t\t\t\t\t\t\t<div class=\"elementor-button-wrapper\">\n\t\t\t\t\t<a class=\"elementor-button elementor-button-link elementor-size-sm\" href=\"https:\/\/unspokeneyes.com\/en\/o-unspoken-eyes\/\">\n\t\t\t\t\t\t<span class=\"elementor-button-content-wrapper\">\n\t\t\t\t\t\t\t\t\t<span class=\"elementor-button-text\">Find out more...<\/span>\n\t\t\t\t\t<\/span>\n\t\t\t\t\t<\/a>\n\t\t\t\t<\/div>\n\t\t\t\t\t\t\t\t<\/div>\n\t\t\t\t<\/div>\n\t\t\t\t<\/div>\n\t\t\t\t\t<\/div>\n\t\t\t\t<\/div>\n\t\t<div class=\"elementor-element elementor-element-0eb16f0 e-flex e-con-boxed e-con e-parent\" data-id=\"0eb16f0\" data-element_type=\"container\">\n\t\t\t\t\t<div class=\"e-con-inner\">\n\t\t<div class=\"elementor-element elementor-element-e00b571 e-con-full e-flex e-con e-child\" data-id=\"e00b571\" data-element_type=\"container\">\n\t\t\t\t<div class=\"elementor-element elementor-element-b512b16 elementor-widget elementor-widget-image\" data-id=\"b512b16\" data-element_type=\"widget\" data-widget_type=\"image.default\">\n\t\t\t\t<div class=\"elementor-widget-container\">\n\t\t\t\t\t\t\t\t\t\t\t\t\t\t\t<img decoding=\"async\" width=\"300\" height=\"295\" src=\"https:\/\/unspokeneyes.com\/wp-content\/uploads\/2023\/01\/nina-okrugla-300x295.png\" class=\"attachment-medium size-medium wp-image-305\" alt=\"alt=\u201dportret Nives sa sun\u010danim nao\u010dalama\u201d\" srcset=\"https:\/\/unspokeneyes.com\/wp-content\/uploads\/2023\/01\/nina-okrugla-300x295.png 300w, https:\/\/unspokeneyes.com\/wp-content\/uploads\/2023\/01\/nina-okrugla.png 656w\" sizes=\"(max-width: 300px) 100vw, 300px\" \/>\t\t\t\t\t\t\t\t\t\t\t\t\t\t\t<\/div>\n\t\t\t\t<\/div>\n\t\t\t\t<\/div>\n\t\t<div class=\"elementor-element elementor-element-4a35a14 e-con-full e-flex e-con e-child\" data-id=\"4a35a14\" data-element_type=\"container\">\n\t\t\t\t<div class=\"elementor-element elementor-element-eb8da7c animated-slow elementor-invisible elementor-widget elementor-widget-heading\" data-id=\"eb8da7c\" data-element_type=\"widget\" data-settings=\"{&quot;_animation&quot;:&quot;fadeIn&quot;,&quot;_animation_delay&quot;:100}\" data-widget_type=\"heading.default\">\n\t\t\t\t<div class=\"elementor-widget-container\">\n\t\t\t\t\t<h2 class=\"elementor-heading-title elementor-size-default\">ABOUT ME<\/h2>\t\t\t\t<\/div>\n\t\t\t\t<\/div>\n\t\t\t\t<div class=\"elementor-element elementor-element-8c38f14 animated-slow elementor-invisible elementor-widget elementor-widget-text-editor\" data-id=\"8c38f14\" data-element_type=\"widget\" data-settings=\"{&quot;_animation&quot;:&quot;fadeInUp&quot;,&quot;_animation_delay&quot;:300}\" data-widget_type=\"text-editor.default\">\n\t\t\t\t<div class=\"elementor-widget-container\">\n\t\t\t\t\t\t\t\t\t<p>My <b>mision<\/b> is to help animals be understood on a deeper level by people, as well as for people to\nrealize their true value and how great their contribution is. I want to help animals to express their feelings, thoughts and wishes that are often left unspoken.<\/p><p>I frequently share advice that animals have for people they are surrounded by to help them. My goal is to restore the connection we naturally have with animals that has been forgotten due to our hurried\nlifestyles.<\/p>\t\t\t\t\t\t\t\t<\/div>\n\t\t\t\t<\/div>\n\t\t\t\t<div class=\"elementor-element elementor-element-494765a elementor-align-center elementor-invisible elementor-widget elementor-widget-button\" data-id=\"494765a\" data-element_type=\"widget\" data-settings=\"{&quot;_animation&quot;:&quot;fadeInUp&quot;,&quot;_animation_delay&quot;:600}\" data-widget_type=\"button.default\">\n\t\t\t\t<div class=\"elementor-widget-container\">\n\t\t\t\t\t\t\t\t\t<div class=\"elementor-button-wrapper\">\n\t\t\t\t\t<a class=\"elementor-button elementor-button-link elementor-size-sm\" href=\"https:\/\/unspokeneyes.com\/en\/o-unspoken-eyes\/\">\n\t\t\t\t\t\t<span class=\"elementor-button-content-wrapper\">\n\t\t\t\t\t\t\t\t\t<span class=\"elementor-button-text\">Find out more...<\/span>\n\t\t\t\t\t<\/span>\n\t\t\t\t\t<\/a>\n\t\t\t\t<\/div>\n\t\t\t\t\t\t\t\t<\/div>\n\t\t\t\t<\/div>\n\t\t\t\t<\/div>\n\t\t\t\t\t<\/div>\n\t\t\t\t<\/div>\n\t\t<div class=\"elementor-element elementor-element-f3803f3 e-flex e-con-boxed e-con e-parent\" data-id=\"f3803f3\" data-element_type=\"container\" data-settings=\"{&quot;background_background&quot;:&quot;classic&quot;}\">\n\t\t\t\t\t<div class=\"e-con-inner\">\n\t\t\t\t<div class=\"elementor-element elementor-element-bfc9cfa animated-slow elementor-view-default elementor-invisible elementor-widget elementor-widget-icon\" data-id=\"bfc9cfa\" data-element_type=\"widget\" data-settings=\"{&quot;_animation&quot;:&quot;fadeInUp&quot;}\" data-widget_type=\"icon.default\">\n\t\t\t\t<div class=\"elementor-widget-container\">\n\t\t\t\t\t\t\t<div class=\"elementor-icon-wrapper\">\n\t\t\t<div class=\"elementor-icon\">\n\t\t\t<i aria-hidden=\"true\" class=\"fas fa-quote-right\"><\/i>\t\t\t<\/div>\n\t\t<\/div>\n\t\t\t\t\t\t<\/div>\n\t\t\t\t<\/div>\n\t\t\t\t<div class=\"elementor-element elementor-element-b424d4d animated-slow elementor-widget elementor-widget-text-editor\" data-id=\"b424d4d\" data-element_type=\"widget\" data-settings=\"{&quot;_animation&quot;:&quot;none&quot;}\" data-widget_type=\"text-editor.default\">\n\t\t\t\t<div class=\"elementor-widget-container\">\n\t\t\t\t\t\t\t\t\tI completed the <strong>Beginning Core Foundations Course<\/strong> and later the <strong>Advanced Animal Talk Topics<\/strong> in <strong>The Heart School of Animal Communication.<\/strong> I provided <span style=\"text-decoration: underline;\">few hundred<\/span> free <span style=\"text-decoration: underline;\">animal communication sessions<\/span> with <span style=\"text-decoration: underline;\">animals worldwide<\/span>to get feedback. Although the feedback was positive and uplifting and gave me the reason to continue developing my skills, it took some time for me to set up the framework for providing intuitive animal communication services professionally and become<a href=\"https:\/\/huped.hr\/hr\/\"> <strong><font color=\"#ff0\">licensed by HUPED<\/strong><\/a>.\t\t\t\t\t\t\t\t<\/div>\n\t\t\t\t<\/div>\n\t\t\t\t<div class=\"elementor-element elementor-element-cbb6e4c animated-slow elementor-view-default elementor-invisible elementor-widget elementor-widget-icon\" data-id=\"cbb6e4c\" data-element_type=\"widget\" data-settings=\"{&quot;_animation&quot;:&quot;fadeInUp&quot;}\" data-widget_type=\"icon.default\">\n\t\t\t\t<div class=\"elementor-widget-container\">\n\t\t\t\t\t\t\t<div class=\"elementor-icon-wrapper\">\n\t\t\t<div class=\"elementor-icon\">\n\t\t\t<i aria-hidden=\"true\" class=\"fas fa-quote-right\"><\/i>\t\t\t<\/div>\n\t\t<\/div>\n\t\t\t\t\t\t<\/div>\n\t\t\t\t<\/div>\n\t\t\t\t\t<\/div>\n\t\t\t\t<\/div>\n\t\t<div class=\"elementor-element elementor-element-3d52ec5 e-flex e-con-boxed e-con e-parent\" data-id=\"3d52ec5\" data-element_type=\"container\" data-settings=\"{&quot;background_background&quot;:&quot;classic&quot;}\">\n\t\t\t\t\t<div class=\"e-con-inner\">\n\t\t<div class=\"elementor-element elementor-element-0384f95 e-flex e-con-boxed e-con e-child\" data-id=\"0384f95\" data-element_type=\"container\" data-settings=\"{&quot;background_background&quot;:&quot;classic&quot;}\">\n\t\t\t\t\t<div class=\"e-con-inner\">\n\t\t\t\t<div class=\"elementor-element elementor-element-19d3b71 elementor-cta--layout-image-above elementor-cta--valign-middle elementor-cta--skin-classic elementor-animated-content elementor-bg-transform elementor-bg-transform-zoom-in elementor-widget elementor-widget-call-to-action\" data-id=\"19d3b71\" data-element_type=\"widget\" data-widget_type=\"call-to-action.default\">\n\t\t\t\t<div class=\"elementor-widget-container\">\n\t\t\t\t\t\t\t<div class=\"elementor-cta\">\n\t\t\t\t\t<div class=\"elementor-cta__bg-wrapper\">\n\t\t\t\t<div class=\"elementor-cta__bg elementor-bg\" style=\"background-image: url(https:\/\/unspokeneyes.com\/wp-content\/uploads\/2023\/01\/Pticica-micka-res-1.jpg);\"><\/div>\n\t\t\t\t<div class=\"elementor-cta__bg-overlay\"><\/div>\n\t\t\t<\/div>\n\t\t\t\t\t\t\t<div class=\"elementor-cta__content\">\n\t\t\t\t\n\t\t\t\t<h2 class=\"elementor-cta__title elementor-cta__content-item elementor-content-item\">CHECK OUT MY SERVICES<\/h2>\n\t\t\t\t\n\t\t\t\t\t\t\t\t\t<div class=\"elementor-cta__button-wrapper elementor-cta__content-item elementor-content-item\">\n\t\t\t\t\t<a class=\"elementor-cta__button elementor-button elementor-size-sm\" href=\"https:\/\/unspokeneyes.com\/en\/usluge\/\">\n\t\t\t\t\t\tGO ON...\t\t\t\t\t<\/a>\n\t\t\t\t\t<\/div>\n\t\t\t\t\t\t\t<\/div>\n\t\t\t\t\t\t<\/div>\n\t\t\t\t\t\t<\/div>\n\t\t\t\t<\/div>\n\t\t\t\t\t<\/div>\n\t\t\t\t<\/div>\n\t\t\t\t\t<\/div>\n\t\t\t\t<\/div>\n\t\t\t\t<\/div>","protected":false},"excerpt":{"rendered":"<p>Unspoken Eyes INTUITIVNA KOMUNIKACIJA SA \u017dIVOTINJAMA O UNSPOKEN EYES Unspoken Eyes je obrt za savjetovanje o \u017eivotinjama. Na\u010din na koji ja komuniciram sa \u017eivotinjama je putem telepatije, dok gledam u njihove o\u010di. Iza tih o\u010diju se krije \u010ditavi jedan svijet, gomila neizre\u010denih (unspoken) stvari. Od tuda dolazi i ideja za ime. Saznajte vi\u0161e&#8230; O MENI [&hellip;]<\/p>","protected":false},"author":1,"featured_media":0,"parent":0,"menu_order":0,"comment_status":"closed","ping_status":"closed","template":"elementor_header_footer","meta":{"footnotes":""},"class_list":["post-29","page","type-page","status-publish","hentry"],"blocksy_meta":{"styles_descriptor":{"styles":{"desktop":"","tablet":"","mobile":""},"google_fonts":[],"version":6}},"yoast_head":"<!-- This site is optimized with the Yoast SEO Premium plugin v21.0 (Yoast SEO v26.6) - https:\/\/yoast.com\/wordpress\/plugins\/seo\/ -->\n<title>komunikacija sa \u017eivotinjama<\/title>\n<meta name=\"description\" content=\"komunikacija sa \u017eivotinjama je putem telepatije, dok gledam u njihove o\u010di. Iza tih o\u010diju se krije \u010ditavi jedan svijet...\" \/>\n<meta name=\"robots\" content=\"index, follow, max-snippet:-1, max-image-preview:large, max-video-preview:-1\" \/>\n<link rel=\"canonical\" href=\"https:\/\/unspokeneyes.com\/en\/\" \/>\n<meta property=\"og:locale\" content=\"en_US\" \/>\n<meta property=\"og:type\" content=\"article\" \/>\n<meta property=\"og:title\" content=\"NASLOVNA\" \/>\n<meta property=\"og:description\" content=\"komunikacija sa \u017eivotinjama je putem telepatije, dok gledam u njihove o\u010di. Iza tih o\u010diju se krije \u010ditavi jedan svijet...\" \/>\n<meta property=\"og:url\" content=\"https:\/\/unspokeneyes.com\/en\/\" \/>\n<meta property=\"og:site_name\" content=\"Savjetovanje O \u017divotinjama | Komunikacija Sa \u017divotinjama - Hrvatska\" \/>\n<meta property=\"article:modified_time\" content=\"2024-06-09T19:57:23+00:00\" \/>\n<meta property=\"og:image\" content=\"https:\/\/unspokeneyes.com\/wp-content\/uploads\/2023\/01\/admin-ajax-blue.png\" \/>\n<meta name=\"twitter:card\" content=\"summary_large_image\" \/>\n<meta name=\"twitter:label1\" content=\"Est. reading time\" \/>\n\t<meta name=\"twitter:data1\" content=\"2 minutes\" \/>\n<script type=\"application\/ld+json\" class=\"yoast-schema-graph\">{\"@context\":\"https:\/\/schema.org\",\"@graph\":[{\"@type\":\"WebPage\",\"@id\":\"https:\/\/unspokeneyes.com\/\",\"url\":\"https:\/\/unspokeneyes.com\/\",\"name\":\"komunikacija sa \u017eivotinjama\",\"isPartOf\":{\"@id\":\"https:\/\/unspokeneyes.com\/#website\"},\"primaryImageOfPage\":{\"@id\":\"https:\/\/unspokeneyes.com\/#primaryimage\"},\"image\":{\"@id\":\"https:\/\/unspokeneyes.com\/#primaryimage\"},\"thumbnailUrl\":\"https:\/\/unspokeneyes.com\/wp-content\/uploads\/2023\/01\/admin-ajax-blue.png\",\"datePublished\":\"2023-01-11T17:00:08+00:00\",\"dateModified\":\"2024-06-09T19:57:23+00:00\",\"description\":\"komunikacija sa \u017eivotinjama je putem telepatije, dok gledam u njihove o\u010di. Iza tih o\u010diju se krije \u010ditavi jedan svijet...\",\"breadcrumb\":{\"@id\":\"https:\/\/unspokeneyes.com\/#breadcrumb\"},\"inLanguage\":\"en-US\",\"potentialAction\":[{\"@type\":\"ReadAction\",\"target\":[\"https:\/\/unspokeneyes.com\/\"]}]},{\"@type\":\"ImageObject\",\"inLanguage\":\"en-US\",\"@id\":\"https:\/\/unspokeneyes.com\/#primaryimage\",\"url\":\"https:\/\/unspokeneyes.com\/wp-content\/uploads\/2023\/01\/admin-ajax-blue.png\",\"contentUrl\":\"https:\/\/unspokeneyes.com\/wp-content\/uploads\/2023\/01\/admin-ajax-blue.png\"},{\"@type\":\"BreadcrumbList\",\"@id\":\"https:\/\/unspokeneyes.com\/#breadcrumb\",\"itemListElement\":[{\"@type\":\"ListItem\",\"position\":1,\"name\":\"Home\",\"item\":\"https:\/\/unspokeneyes.com\/\"},{\"@type\":\"ListItem\",\"position\":2,\"name\":\"NASLOVNA\"}]},{\"@type\":\"WebSite\",\"@id\":\"https:\/\/unspokeneyes.com\/#website\",\"url\":\"https:\/\/unspokeneyes.com\/\",\"name\":\"Savjetovanje O \u017divotinjama | Komunikacija Sa \u017divotinjama - Hrvatska\",\"description\":\"Unspoken Eyes je obrt za savjetovanje o \u017eivotinjama\",\"publisher\":{\"@id\":\"https:\/\/unspokeneyes.com\/#organization\"},\"potentialAction\":[{\"@type\":\"SearchAction\",\"target\":{\"@type\":\"EntryPoint\",\"urlTemplate\":\"https:\/\/unspokeneyes.com\/?s={search_term_string}\"},\"query-input\":{\"@type\":\"PropertyValueSpecification\",\"valueRequired\":true,\"valueName\":\"search_term_string\"}}],\"inLanguage\":\"en-US\"},{\"@type\":\"Organization\",\"@id\":\"https:\/\/unspokeneyes.com\/#organization\",\"name\":\"Savjetovanje O \u017divotinjama | Komunikacija Sa \u017divotinjama - Hrvatska\",\"url\":\"https:\/\/unspokeneyes.com\/\",\"logo\":{\"@type\":\"ImageObject\",\"inLanguage\":\"en-US\",\"@id\":\"https:\/\/unspokeneyes.com\/#\/schema\/logo\/image\/\",\"url\":\"https:\/\/unspokeneyes.com\/wp-content\/uploads\/2023\/01\/NivesNaslov.png\",\"contentUrl\":\"https:\/\/unspokeneyes.com\/wp-content\/uploads\/2023\/01\/NivesNaslov.png\",\"width\":550,\"height\":150,\"caption\":\"Savjetovanje O \u017divotinjama | Komunikacija Sa \u017divotinjama - Hrvatska\"},\"image\":{\"@id\":\"https:\/\/unspokeneyes.com\/#\/schema\/logo\/image\/\"}}]}<\/script>\n<!-- \/ Yoast SEO Premium plugin. -->","yoast_head_json":{"title":"komunikacija sa \u017eivotinjama","description":"komunikacija sa \u017eivotinjama je putem telepatije, dok gledam u njihove o\u010di. Iza tih o\u010diju se krije \u010ditavi jedan svijet...","robots":{"index":"index","follow":"follow","max-snippet":"max-snippet:-1","max-image-preview":"max-image-preview:large","max-video-preview":"max-video-preview:-1"},"canonical":"https:\/\/unspokeneyes.com\/en\/","og_locale":"en_US","og_type":"article","og_title":"NASLOVNA","og_description":"komunikacija sa \u017eivotinjama je putem telepatije, dok gledam u njihove o\u010di. Iza tih o\u010diju se krije \u010ditavi jedan svijet...","og_url":"https:\/\/unspokeneyes.com\/en\/","og_site_name":"Savjetovanje O \u017divotinjama | Komunikacija Sa \u017divotinjama - Hrvatska","article_modified_time":"2024-06-09T19:57:23+00:00","og_image":[{"url":"https:\/\/unspokeneyes.com\/wp-content\/uploads\/2023\/01\/admin-ajax-blue.png","type":"","width":"","height":""}],"twitter_card":"summary_large_image","twitter_misc":{"Est. reading time":"2 minutes"},"schema":{"@context":"https:\/\/schema.org","@graph":[{"@type":"WebPage","@id":"https:\/\/unspokeneyes.com\/","url":"https:\/\/unspokeneyes.com\/","name":"komunikacija sa \u017eivotinjama","isPartOf":{"@id":"https:\/\/unspokeneyes.com\/#website"},"primaryImageOfPage":{"@id":"https:\/\/unspokeneyes.com\/#primaryimage"},"image":{"@id":"https:\/\/unspokeneyes.com\/#primaryimage"},"thumbnailUrl":"https:\/\/unspokeneyes.com\/wp-content\/uploads\/2023\/01\/admin-ajax-blue.png","datePublished":"2023-01-11T17:00:08+00:00","dateModified":"2024-06-09T19:57:23+00:00","description":"komunikacija sa \u017eivotinjama je putem telepatije, dok gledam u njihove o\u010di. Iza tih o\u010diju se krije \u010ditavi jedan svijet...","breadcrumb":{"@id":"https:\/\/unspokeneyes.com\/#breadcrumb"},"inLanguage":"en-US","potentialAction":[{"@type":"ReadAction","target":["https:\/\/unspokeneyes.com\/"]}]},{"@type":"ImageObject","inLanguage":"en-US","@id":"https:\/\/unspokeneyes.com\/#primaryimage","url":"https:\/\/unspokeneyes.com\/wp-content\/uploads\/2023\/01\/admin-ajax-blue.png","contentUrl":"https:\/\/unspokeneyes.com\/wp-content\/uploads\/2023\/01\/admin-ajax-blue.png"},{"@type":"BreadcrumbList","@id":"https:\/\/unspokeneyes.com\/#breadcrumb","itemListElement":[{"@type":"ListItem","position":1,"name":"Home","item":"https:\/\/unspokeneyes.com\/"},{"@type":"ListItem","position":2,"name":"NASLOVNA"}]},{"@type":"WebSite","@id":"https:\/\/unspokeneyes.com\/#website","url":"https:\/\/unspokeneyes.com\/","name":"Savjetovanje O \u017divotinjama | Komunikacija Sa \u017divotinjama - Hrvatska","description":"Unspoken Eyes je obrt za savjetovanje o \u017eivotinjama","publisher":{"@id":"https:\/\/unspokeneyes.com\/#organization"},"potentialAction":[{"@type":"SearchAction","target":{"@type":"EntryPoint","urlTemplate":"https:\/\/unspokeneyes.com\/?s={search_term_string}"},"query-input":{"@type":"PropertyValueSpecification","valueRequired":true,"valueName":"search_term_string"}}],"inLanguage":"en-US"},{"@type":"Organization","@id":"https:\/\/unspokeneyes.com\/#organization","name":"Savjetovanje O \u017divotinjama | Komunikacija Sa \u017divotinjama - Hrvatska","url":"https:\/\/unspokeneyes.com\/","logo":{"@type":"ImageObject","inLanguage":"en-US","@id":"https:\/\/unspokeneyes.com\/#\/schema\/logo\/image\/","url":"https:\/\/unspokeneyes.com\/wp-content\/uploads\/2023\/01\/NivesNaslov.png","contentUrl":"https:\/\/unspokeneyes.com\/wp-content\/uploads\/2023\/01\/NivesNaslov.png","width":550,"height":150,"caption":"Savjetovanje O \u017divotinjama | Komunikacija Sa \u017divotinjama - Hrvatska"},"image":{"@id":"https:\/\/unspokeneyes.com\/#\/schema\/logo\/image\/"}}]}},"_links":{"self":[{"href":"https:\/\/unspokeneyes.com\/en\/wp-json\/wp\/v2\/pages\/29","targetHints":{"allow":["GET"]}}],"collection":[{"href":"https:\/\/unspokeneyes.com\/en\/wp-json\/wp\/v2\/pages"}],"about":[{"href":"https:\/\/unspokeneyes.com\/en\/wp-json\/wp\/v2\/types\/page"}],"author":[{"embeddable":true,"href":"https:\/\/unspokeneyes.com\/en\/wp-json\/wp\/v2\/users\/1"}],"replies":[{"embeddable":true,"href":"https:\/\/unspokeneyes.com\/en\/wp-json\/wp\/v2\/comments?post=29"}],"version-history":[{"count":234,"href":"https:\/\/unspokeneyes.com\/en\/wp-json\/wp\/v2\/pages\/29\/revisions"}],"predecessor-version":[{"id":945,"href":"https:\/\/unspokeneyes.com\/en\/wp-json\/wp\/v2\/pages\/29\/revisions\/945"}],"wp:attachment":[{"href":"https:\/\/unspokeneyes.com\/en\/wp-json\/wp\/v2\/media?parent=29"}],"curies":[{"name":"wp","href":"https:\/\/api.w.org\/{rel}","templated":true}]}}