{"id":30,"date":"2023-01-11T18:00:08","date_gmt":"2023-01-11T17:00:08","guid":{"rendered":"https:\/\/unspokeneyes.com\/?page_id=30"},"modified":"2024-06-09T22:00:56","modified_gmt":"2024-06-09T20:00:56","slug":"o-unspoken-eyes","status":"publish","type":"page","link":"https:\/\/unspokeneyes.com\/en\/o-unspoken-eyes\/","title":{"rendered":"ABOUT UNSPOKEN EYES"},"content":{"rendered":"<div data-elementor-type=\"wp-page\" data-elementor-id=\"30\" class=\"elementor elementor-30\">\n\t\t\t\t<div class=\"elementor-element elementor-element-ea746e6 e-flex e-con-boxed e-con e-parent\" data-id=\"ea746e6\" data-element_type=\"container\" data-settings=\"{&quot;background_background&quot;:&quot;classic&quot;}\">\n\t\t\t\t\t<div class=\"e-con-inner\">\n\t\t<div class=\"elementor-element elementor-element-5a4abce e-con-full e-flex e-con e-child\" data-id=\"5a4abce\" data-element_type=\"container\" data-settings=\"{&quot;background_background&quot;:&quot;classic&quot;}\">\n\t\t\t\t<div class=\"elementor-element elementor-element-8fc890b animated-slow elementor-invisible elementor-widget elementor-widget-text-editor\" data-id=\"8fc890b\" data-element_type=\"widget\" data-settings=\"{&quot;_animation&quot;:&quot;fadeInUp&quot;}\" data-widget_type=\"text-editor.default\">\n\t\t\t\t<div class=\"elementor-widget-container\">\n\t\t\t\t\t\t\t\t\t<p>Unspoken Eyes is a small business for consulting about animals. The way I am able to communicate with\nanimals is via telepathy, by looking at their eyes. Those eyes hold a whole other universe, a bunch of\nunspoken things. There comes the idea for the name.<\/p>\t\t\t\t\t\t\t\t<\/div>\n\t\t\t\t<\/div>\n\t\t\t\t<\/div>\n\t\t<div class=\"elementor-element elementor-element-5b859fd e-con-full e-flex e-con e-child\" data-id=\"5b859fd\" data-element_type=\"container\" data-settings=\"{&quot;background_background&quot;:&quot;classic&quot;}\">\n\t\t\t\t<\/div>\n\t\t\t\t\t<\/div>\n\t\t\t\t<\/div>\n\t\t<div class=\"elementor-element elementor-element-2126411 e-flex e-con-boxed e-con e-parent\" data-id=\"2126411\" data-element_type=\"container\" data-settings=\"{&quot;background_background&quot;:&quot;classic&quot;}\">\n\t\t\t\t\t<div class=\"e-con-inner\">\n\t\t<div class=\"elementor-element elementor-element-9ffce7c e-con-full e-flex e-con e-child\" data-id=\"9ffce7c\" data-element_type=\"container\" data-settings=\"{&quot;background_background&quot;:&quot;classic&quot;}\">\n\t\t\t\t<div class=\"elementor-element elementor-element-4fb26e4 elementor-widget elementor-widget-image\" data-id=\"4fb26e4\" data-element_type=\"widget\" data-widget_type=\"image.default\">\n\t\t\t\t<div class=\"elementor-widget-container\">\n\t\t\t\t\t\t\t\t\t\t\t\t\t\t\t<img fetchpriority=\"high\" decoding=\"async\" width=\"768\" height=\"1024\" src=\"https:\/\/unspokeneyes.com\/wp-content\/uploads\/2023\/01\/pepika-768x1024.jpg\" class=\"attachment-large size-large wp-image-564\" alt=\"alt=\u201ddjevojka \u010du\u010di na travnjaku pokraj hrvatskog ov\u010dara\u201d\" srcset=\"https:\/\/unspokeneyes.com\/wp-content\/uploads\/2023\/01\/pepika-768x1024.jpg 768w, https:\/\/unspokeneyes.com\/wp-content\/uploads\/2023\/01\/pepika-225x300.jpg 225w, https:\/\/unspokeneyes.com\/wp-content\/uploads\/2023\/01\/pepika.jpg 960w\" sizes=\"(max-width: 768px) 100vw, 768px\" \/>\t\t\t\t\t\t\t\t\t\t\t\t\t\t\t<\/div>\n\t\t\t\t<\/div>\n\t\t\t\t<\/div>\n\t\t<div class=\"elementor-element elementor-element-9e1e404 e-con-full e-flex e-con e-child\" data-id=\"9e1e404\" data-element_type=\"container\" data-settings=\"{&quot;background_background&quot;:&quot;classic&quot;}\">\n\t\t\t\t<div class=\"elementor-element elementor-element-92c653e animated-slow elementor-invisible elementor-widget elementor-widget-heading\" data-id=\"92c653e\" data-element_type=\"widget\" data-settings=\"{&quot;_animation&quot;:&quot;fadeInRight&quot;}\" data-widget_type=\"heading.default\">\n\t\t\t\t<div class=\"elementor-widget-container\">\n\t\t\t\t\t<h2 class=\"elementor-heading-title elementor-size-default\">HOW ANIMAL COMMUNICATION WORKS<\/h2>\t\t\t\t<\/div>\n\t\t\t\t<\/div>\n\t\t\t\t<div class=\"elementor-element elementor-element-0afe2a4 animated-slow elementor-widget elementor-widget-text-editor\" data-id=\"0afe2a4\" data-element_type=\"widget\" data-settings=\"{&quot;_animation&quot;:&quot;none&quot;}\" data-widget_type=\"text-editor.default\">\n\t\t\t\t<div class=\"elementor-widget-container\">\n\t\t\t\t\t\t\t\t\tFirstly I want to say that telepathy is innate to all of us but with hurried lifestyles, disconnecting from\nnature, and developing language we caused us to forget about it.\n\t\t\t\t\t\t\t\t<\/div>\n\t\t\t\t<\/div>\n\t\t\t\t<div class=\"elementor-element elementor-element-82e938f animated-slow elementor-widget elementor-widget-text-editor\" data-id=\"82e938f\" data-element_type=\"widget\" data-settings=\"{&quot;_animation&quot;:&quot;none&quot;}\" data-widget_type=\"text-editor.default\">\n\t\t\t\t<div class=\"elementor-widget-container\">\n\t\t\t\t\t\t\t\t\t<p>Have you ever experienced thinking about someone you haven't seen in a while, and then you see or\nhearing from them the same day? Or intuitively feeling something is going to happen and in the end,\nsomething does happen? Maybe looking into animals' eyes and knowing they are grateful or they want\nto eat?<br \/>Things like that happen because we are all connected.<\/p>\t\t\t\t\t\t\t\t<\/div>\n\t\t\t\t<\/div>\n\t\t\t\t<div class=\"elementor-element elementor-element-3bbe11a animated-slow elementor-widget elementor-widget-text-editor\" data-id=\"3bbe11a\" data-element_type=\"widget\" data-settings=\"{&quot;_animation&quot;:&quot;none&quot;}\" data-widget_type=\"text-editor.default\">\n\t\t\t\t<div class=\"elementor-widget-container\">\n\t\t\t\t\t\t\t\t\t<p>The only difference between the things mentioned above and me is that I can consciously connect with\nanimals because I trained my intuitive muscle.<\/p>\t\t\t\t\t\t\t\t<\/div>\n\t\t\t\t<\/div>\n\t\t\t\t<div class=\"elementor-element elementor-element-6f48206 animated-slow elementor-widget elementor-widget-text-editor\" data-id=\"6f48206\" data-element_type=\"widget\" data-settings=\"{&quot;_animation&quot;:&quot;none&quot;}\" data-widget_type=\"text-editor.default\">\n\t\t\t\t<div class=\"elementor-widget-container\">\n\t\t\t\t\t\t\t\t\t<p>When communicating with animals, usually I receive messages in the form of pictures, thoughts,\nfeelings, knowledge, and sensations.<\/p>\t\t\t\t\t\t\t\t<\/div>\n\t\t\t\t<\/div>\n\t\t\t\t<div class=\"elementor-element elementor-element-77e60dc animated-slow elementor-widget elementor-widget-text-editor\" data-id=\"77e60dc\" data-element_type=\"widget\" data-settings=\"{&quot;_animation&quot;:&quot;none&quot;}\" data-widget_type=\"text-editor.default\">\n\t\t\t\t<div class=\"elementor-widget-container\">\n\t\t\t\t\t\t\t\t\t<p>I lead two-way communication with animals, meaning that they often ask questions and want\nexplanations for things happening in their surroundings.<\/p>\t\t\t\t\t\t\t\t<\/div>\n\t\t\t\t<\/div>\n\t\t\t\t<\/div>\n\t\t\t\t\t<\/div>\n\t\t\t\t<\/div>\n\t\t<div class=\"elementor-element elementor-element-80386e6 e-flex e-con-boxed e-con e-parent\" data-id=\"80386e6\" data-element_type=\"container\" data-settings=\"{&quot;background_background&quot;:&quot;classic&quot;}\">\n\t\t\t\t\t<div class=\"e-con-inner\">\n\t\t<div class=\"elementor-element elementor-element-3c1adf4 e-con-full e-flex e-con e-child\" data-id=\"3c1adf4\" data-element_type=\"container\" data-settings=\"{&quot;background_background&quot;:&quot;classic&quot;}\">\n\t\t\t\t<div class=\"elementor-element elementor-element-89e153f animated-slow elementor-invisible elementor-widget elementor-widget-heading\" data-id=\"89e153f\" data-element_type=\"widget\" data-settings=\"{&quot;_animation&quot;:&quot;fadeInLeft&quot;}\" data-widget_type=\"heading.default\">\n\t\t\t\t<div class=\"elementor-widget-container\">\n\t\t\t\t\t<h2 class=\"elementor-heading-title elementor-size-default\">WHY SHOULD YOU CHOOSE ANIMAL COMMUNICATION?<\/h2>\t\t\t\t<\/div>\n\t\t\t\t<\/div>\n\t\t\t\t<div class=\"elementor-element elementor-element-c10f26e elementor-widget elementor-widget-text-editor\" data-id=\"c10f26e\" data-element_type=\"widget\" data-widget_type=\"text-editor.default\">\n\t\t\t\t<div class=\"elementor-widget-container\">\n\t\t\t\t\t\t\t\t\t<p>Animal communication is a great way to connect with animals around you. My clients contact me for various reasons. Most often they just want to know what their pets are thinking, what they have to share, and how they feel about a certain situation or incoming change. For example, I communicated with a lot of animals that had to welcome a new family member, when they had to change their residence, before or after surgeries, and before they had to leave this life. Animal communication most\ncertainly is not a replacement for vet services or training, but it can be used in addition to them.<\/p>\t\t\t\t\t\t\t\t<\/div>\n\t\t\t\t<\/div>\n\t\t\t\t<div class=\"elementor-element elementor-element-277edad elementor-widget elementor-widget-text-editor\" data-id=\"277edad\" data-element_type=\"widget\" data-widget_type=\"text-editor.default\">\n\t\t\t\t<div class=\"elementor-widget-container\">\n\t\t\t\t\t\t\t\t\t<p>It is possible to connect with animals in Spirit. This is one of the most requested and for me personally one of the most beautiful ways to connect with animals. Connecting with animals from the other side can help in getting some closure. It especially applies if the animal passing was unexpected, you didn't have the chance to say goodbye or you feel guilty about something.<\/p>\t\t\t\t\t\t\t\t<\/div>\n\t\t\t\t<\/div>\n\t\t\t\t<\/div>\n\t\t<div class=\"elementor-element elementor-element-d736240 e-con-full e-flex e-con e-child\" data-id=\"d736240\" data-element_type=\"container\" data-settings=\"{&quot;background_background&quot;:&quot;classic&quot;}\">\n\t\t\t\t<\/div>\n\t\t\t\t\t<\/div>\n\t\t\t\t<\/div>\n\t\t\t\t<\/div>","protected":false},"excerpt":{"rendered":"<p>Unspoken Eyes je obrt za savjetovanje o \u017eivotinjama. Na\u010din na koji ja komuniciram sa \u017eivotinjama je putem telepatije, dok gledam u njihove o\u010di. Iza tih o\u010diju se krije \u010ditavi jedan svijet, gomila neizre\u010denih (unspoken) stvari. Od tuda dolazi i ideja za ime. KAKO KOMUNIKACIJA SA \u017dIVOTINJAMA FUNKCIONIRA Prije svega \u017eelim re\u0107i da je telepatija ne\u0161to [&hellip;]<\/p>","protected":false},"author":1,"featured_media":0,"parent":0,"menu_order":0,"comment_status":"closed","ping_status":"closed","template":"elementor_header_footer","meta":{"footnotes":""},"class_list":["post-30","page","type-page","status-publish","hentry"],"blocksy_meta":{"styles_descriptor":{"styles":{"desktop":"","tablet":"","mobile":""},"google_fonts":[],"version":6}},"yoast_head":"<!-- This site is optimized with the Yoast SEO Premium plugin v21.0 (Yoast SEO v26.6) - https:\/\/yoast.com\/wordpress\/plugins\/seo\/ -->\n<title>Komunikacija sa \u017eivotinjama<\/title>\n<meta name=\"description\" content=\"Komunikacija sa \u017eivotinjama je odli\u010dan na\u010din da se pove\u017eete sa \u017eivotinjom iz svog okru\u017eenja. Komunikacija sa \u017eivotinjama je moj \u017eivotni poziv\" \/>\n<meta name=\"robots\" content=\"index, follow, max-snippet:-1, max-image-preview:large, max-video-preview:-1\" \/>\n<link rel=\"canonical\" href=\"https:\/\/unspokeneyes.com\/en\/o-unspoken-eyes\/\" \/>\n<meta property=\"og:locale\" content=\"en_US\" \/>\n<meta property=\"og:type\" content=\"article\" \/>\n<meta property=\"og:title\" content=\"O UNSPOKEN EYES\" \/>\n<meta property=\"og:description\" content=\"Komunikacija sa \u017eivotinjama je odli\u010dan na\u010din da se pove\u017eete sa \u017eivotinjom iz svog okru\u017eenja. Komunikacija sa \u017eivotinjama je moj \u017eivotni poziv\" \/>\n<meta property=\"og:url\" content=\"https:\/\/unspokeneyes.com\/en\/o-unspoken-eyes\/\" \/>\n<meta property=\"og:site_name\" content=\"Savjetovanje O \u017divotinjama | Komunikacija Sa \u017divotinjama - Hrvatska\" \/>\n<meta property=\"article:modified_time\" content=\"2024-06-09T20:00:56+00:00\" \/>\n<meta property=\"og:image\" content=\"https:\/\/unspokeneyes.com\/wp-content\/uploads\/2023\/01\/pepika-768x1024.jpg\" \/>\n<meta name=\"twitter:card\" content=\"summary_large_image\" \/>\n<meta name=\"twitter:label1\" content=\"Est. reading time\" \/>\n\t<meta name=\"twitter:data1\" content=\"2 minutes\" \/>\n<script type=\"application\/ld+json\" class=\"yoast-schema-graph\">{\"@context\":\"https:\/\/schema.org\",\"@graph\":[{\"@type\":\"WebPage\",\"@id\":\"https:\/\/unspokeneyes.com\/o-unspoken-eyes\/\",\"url\":\"https:\/\/unspokeneyes.com\/o-unspoken-eyes\/\",\"name\":\"Komunikacija sa \u017eivotinjama\",\"isPartOf\":{\"@id\":\"https:\/\/unspokeneyes.com\/#website\"},\"primaryImageOfPage\":{\"@id\":\"https:\/\/unspokeneyes.com\/o-unspoken-eyes\/#primaryimage\"},\"image\":{\"@id\":\"https:\/\/unspokeneyes.com\/o-unspoken-eyes\/#primaryimage\"},\"thumbnailUrl\":\"https:\/\/unspokeneyes.com\/wp-content\/uploads\/2023\/01\/pepika-768x1024.jpg\",\"datePublished\":\"2023-01-11T17:00:08+00:00\",\"dateModified\":\"2024-06-09T20:00:56+00:00\",\"description\":\"Komunikacija sa \u017eivotinjama je odli\u010dan na\u010din da se pove\u017eete sa \u017eivotinjom iz svog okru\u017eenja. Komunikacija sa \u017eivotinjama je moj \u017eivotni poziv\",\"breadcrumb\":{\"@id\":\"https:\/\/unspokeneyes.com\/o-unspoken-eyes\/#breadcrumb\"},\"inLanguage\":\"en-US\",\"potentialAction\":[{\"@type\":\"ReadAction\",\"target\":[\"https:\/\/unspokeneyes.com\/o-unspoken-eyes\/\"]}]},{\"@type\":\"ImageObject\",\"inLanguage\":\"en-US\",\"@id\":\"https:\/\/unspokeneyes.com\/o-unspoken-eyes\/#primaryimage\",\"url\":\"https:\/\/unspokeneyes.com\/wp-content\/uploads\/2023\/01\/pepika-768x1024.jpg\",\"contentUrl\":\"https:\/\/unspokeneyes.com\/wp-content\/uploads\/2023\/01\/pepika-768x1024.jpg\"},{\"@type\":\"BreadcrumbList\",\"@id\":\"https:\/\/unspokeneyes.com\/o-unspoken-eyes\/#breadcrumb\",\"itemListElement\":[{\"@type\":\"ListItem\",\"position\":1,\"name\":\"Home\",\"item\":\"https:\/\/unspokeneyes.com\/\"},{\"@type\":\"ListItem\",\"position\":2,\"name\":\"O UNSPOKEN EYES\"}]},{\"@type\":\"WebSite\",\"@id\":\"https:\/\/unspokeneyes.com\/#website\",\"url\":\"https:\/\/unspokeneyes.com\/\",\"name\":\"Savjetovanje O \u017divotinjama | Komunikacija Sa \u017divotinjama - Hrvatska\",\"description\":\"Unspoken Eyes je obrt za savjetovanje o \u017eivotinjama\",\"publisher\":{\"@id\":\"https:\/\/unspokeneyes.com\/#organization\"},\"potentialAction\":[{\"@type\":\"SearchAction\",\"target\":{\"@type\":\"EntryPoint\",\"urlTemplate\":\"https:\/\/unspokeneyes.com\/?s={search_term_string}\"},\"query-input\":{\"@type\":\"PropertyValueSpecification\",\"valueRequired\":true,\"valueName\":\"search_term_string\"}}],\"inLanguage\":\"en-US\"},{\"@type\":\"Organization\",\"@id\":\"https:\/\/unspokeneyes.com\/#organization\",\"name\":\"Savjetovanje O \u017divotinjama | Komunikacija Sa \u017divotinjama - Hrvatska\",\"url\":\"https:\/\/unspokeneyes.com\/\",\"logo\":{\"@type\":\"ImageObject\",\"inLanguage\":\"en-US\",\"@id\":\"https:\/\/unspokeneyes.com\/#\/schema\/logo\/image\/\",\"url\":\"https:\/\/unspokeneyes.com\/wp-content\/uploads\/2023\/01\/NivesNaslov.png\",\"contentUrl\":\"https:\/\/unspokeneyes.com\/wp-content\/uploads\/2023\/01\/NivesNaslov.png\",\"width\":550,\"height\":150,\"caption\":\"Savjetovanje O \u017divotinjama | Komunikacija Sa \u017divotinjama - Hrvatska\"},\"image\":{\"@id\":\"https:\/\/unspokeneyes.com\/#\/schema\/logo\/image\/\"}}]}<\/script>\n<!-- \/ Yoast SEO Premium plugin. -->","yoast_head_json":{"title":"Komunikacija sa \u017eivotinjama","description":"Komunikacija sa \u017eivotinjama je odli\u010dan na\u010din da se pove\u017eete sa \u017eivotinjom iz svog okru\u017eenja. Komunikacija sa \u017eivotinjama je moj \u017eivotni poziv","robots":{"index":"index","follow":"follow","max-snippet":"max-snippet:-1","max-image-preview":"max-image-preview:large","max-video-preview":"max-video-preview:-1"},"canonical":"https:\/\/unspokeneyes.com\/en\/o-unspoken-eyes\/","og_locale":"en_US","og_type":"article","og_title":"O UNSPOKEN EYES","og_description":"Komunikacija sa \u017eivotinjama je odli\u010dan na\u010din da se pove\u017eete sa \u017eivotinjom iz svog okru\u017eenja. Komunikacija sa \u017eivotinjama je moj \u017eivotni poziv","og_url":"https:\/\/unspokeneyes.com\/en\/o-unspoken-eyes\/","og_site_name":"Savjetovanje O \u017divotinjama | Komunikacija Sa \u017divotinjama - Hrvatska","article_modified_time":"2024-06-09T20:00:56+00:00","og_image":[{"url":"https:\/\/unspokeneyes.com\/wp-content\/uploads\/2023\/01\/pepika-768x1024.jpg","type":"","width":"","height":""}],"twitter_card":"summary_large_image","twitter_misc":{"Est. reading time":"2 minutes"},"schema":{"@context":"https:\/\/schema.org","@graph":[{"@type":"WebPage","@id":"https:\/\/unspokeneyes.com\/o-unspoken-eyes\/","url":"https:\/\/unspokeneyes.com\/o-unspoken-eyes\/","name":"Komunikacija sa \u017eivotinjama","isPartOf":{"@id":"https:\/\/unspokeneyes.com\/#website"},"primaryImageOfPage":{"@id":"https:\/\/unspokeneyes.com\/o-unspoken-eyes\/#primaryimage"},"image":{"@id":"https:\/\/unspokeneyes.com\/o-unspoken-eyes\/#primaryimage"},"thumbnailUrl":"https:\/\/unspokeneyes.com\/wp-content\/uploads\/2023\/01\/pepika-768x1024.jpg","datePublished":"2023-01-11T17:00:08+00:00","dateModified":"2024-06-09T20:00:56+00:00","description":"Komunikacija sa \u017eivotinjama je odli\u010dan na\u010din da se pove\u017eete sa \u017eivotinjom iz svog okru\u017eenja. Komunikacija sa \u017eivotinjama je moj \u017eivotni poziv","breadcrumb":{"@id":"https:\/\/unspokeneyes.com\/o-unspoken-eyes\/#breadcrumb"},"inLanguage":"en-US","potentialAction":[{"@type":"ReadAction","target":["https:\/\/unspokeneyes.com\/o-unspoken-eyes\/"]}]},{"@type":"ImageObject","inLanguage":"en-US","@id":"https:\/\/unspokeneyes.com\/o-unspoken-eyes\/#primaryimage","url":"https:\/\/unspokeneyes.com\/wp-content\/uploads\/2023\/01\/pepika-768x1024.jpg","contentUrl":"https:\/\/unspokeneyes.com\/wp-content\/uploads\/2023\/01\/pepika-768x1024.jpg"},{"@type":"BreadcrumbList","@id":"https:\/\/unspokeneyes.com\/o-unspoken-eyes\/#breadcrumb","itemListElement":[{"@type":"ListItem","position":1,"name":"Home","item":"https:\/\/unspokeneyes.com\/"},{"@type":"ListItem","position":2,"name":"O UNSPOKEN EYES"}]},{"@type":"WebSite","@id":"https:\/\/unspokeneyes.com\/#website","url":"https:\/\/unspokeneyes.com\/","name":"Savjetovanje O \u017divotinjama | Komunikacija Sa \u017divotinjama - Hrvatska","description":"Unspoken Eyes je obrt za savjetovanje o \u017eivotinjama","publisher":{"@id":"https:\/\/unspokeneyes.com\/#organization"},"potentialAction":[{"@type":"SearchAction","target":{"@type":"EntryPoint","urlTemplate":"https:\/\/unspokeneyes.com\/?s={search_term_string}"},"query-input":{"@type":"PropertyValueSpecification","valueRequired":true,"valueName":"search_term_string"}}],"inLanguage":"en-US"},{"@type":"Organization","@id":"https:\/\/unspokeneyes.com\/#organization","name":"Savjetovanje O \u017divotinjama | Komunikacija Sa \u017divotinjama - Hrvatska","url":"https:\/\/unspokeneyes.com\/","logo":{"@type":"ImageObject","inLanguage":"en-US","@id":"https:\/\/unspokeneyes.com\/#\/schema\/logo\/image\/","url":"https:\/\/unspokeneyes.com\/wp-content\/uploads\/2023\/01\/NivesNaslov.png","contentUrl":"https:\/\/unspokeneyes.com\/wp-content\/uploads\/2023\/01\/NivesNaslov.png","width":550,"height":150,"caption":"Savjetovanje O \u017divotinjama | Komunikacija Sa \u017divotinjama - Hrvatska"},"image":{"@id":"https:\/\/unspokeneyes.com\/#\/schema\/logo\/image\/"}}]}},"_links":{"self":[{"href":"https:\/\/unspokeneyes.com\/en\/wp-json\/wp\/v2\/pages\/30","targetHints":{"allow":["GET"]}}],"collection":[{"href":"https:\/\/unspokeneyes.com\/en\/wp-json\/wp\/v2\/pages"}],"about":[{"href":"https:\/\/unspokeneyes.com\/en\/wp-json\/wp\/v2\/types\/page"}],"author":[{"embeddable":true,"href":"https:\/\/unspokeneyes.com\/en\/wp-json\/wp\/v2\/users\/1"}],"replies":[{"embeddable":true,"href":"https:\/\/unspokeneyes.com\/en\/wp-json\/wp\/v2\/comments?post=30"}],"version-history":[{"count":72,"href":"https:\/\/unspokeneyes.com\/en\/wp-json\/wp\/v2\/pages\/30\/revisions"}],"predecessor-version":[{"id":948,"href":"https:\/\/unspokeneyes.com\/en\/wp-json\/wp\/v2\/pages\/30\/revisions\/948"}],"wp:attachment":[{"href":"https:\/\/unspokeneyes.com\/en\/wp-json\/wp\/v2\/media?parent=30"}],"curies":[{"name":"wp","href":"https:\/\/api.w.org\/{rel}","templated":true}]}}