{"id":31,"date":"2023-01-11T18:00:08","date_gmt":"2023-01-11T17:00:08","guid":{"rendered":"https:\/\/unspokeneyes.com\/?page_id=31"},"modified":"2023-02-26T21:00:48","modified_gmt":"2023-02-26T20:00:48","slug":"o-meni","status":"publish","type":"page","link":"https:\/\/unspokeneyes.com\/en\/o-meni\/","title":{"rendered":"ABOUT ME"},"content":{"rendered":"<div data-elementor-type=\"wp-page\" data-elementor-id=\"31\" class=\"elementor elementor-31\">\n\t\t\t\t\t\t<section class=\"elementor-section elementor-top-section elementor-element elementor-element-2dasnjr elementor-section-boxed elementor-section-height-default elementor-section-height-default\" data-id=\"2dasnjr\" data-element_type=\"section\" data-settings=\"{&quot;background_background&quot;:&quot;classic&quot;}\">\n\t\t\t\t\t\t<div class=\"elementor-container elementor-column-gap-no\">\n\t\t\t\t\t<div class=\"elementor-column elementor-col-50 elementor-top-column elementor-element elementor-element-2b4e1d0\" data-id=\"2b4e1d0\" data-element_type=\"column\">\n\t\t\t<div class=\"elementor-widget-wrap\">\n\t\t\t\t\t\t\t<\/div>\n\t\t<\/div>\n\t\t\t\t<div class=\"elementor-column elementor-col-50 elementor-top-column elementor-element elementor-element-ef3d779\" data-id=\"ef3d779\" data-element_type=\"column\" data-settings=\"{&quot;background_background&quot;:&quot;classic&quot;}\">\n\t\t\t<div class=\"elementor-widget-wrap elementor-element-populated\">\n\t\t\t\t\t\t<div class=\"elementor-element elementor-element-0bef0a8 animated-slow elementor-invisible elementor-widget elementor-widget-heading\" data-id=\"0bef0a8\" data-element_type=\"widget\" data-settings=\"{&quot;_animation&quot;:&quot;fadeIn&quot;}\" data-widget_type=\"heading.default\">\n\t\t\t\t<div class=\"elementor-widget-container\">\n\t\t\t\t\t<h2 class=\"elementor-heading-title elementor-size-default\">Nives Vi\u0161nji\u0107<\/h2>\t\t\t\t<\/div>\n\t\t\t\t<\/div>\n\t\t\t\t<div class=\"elementor-element elementor-element-2ca1594 animated-slow elementor-invisible elementor-widget elementor-widget-text-editor\" data-id=\"2ca1594\" data-element_type=\"widget\" data-settings=\"{&quot;_animation&quot;:&quot;fadeIn&quot;}\" data-widget_type=\"text-editor.default\">\n\t\t\t\t<div class=\"elementor-widget-container\">\n\t\t\t\t\t\t\t\t\t<p><strong>My mission is to help animals<\/strong> be understood on a deeper level by people, as well as for people to\nrealize their true value and how great their contribution is. I want to help animals <strong>to express their\nfeelings, thoughts and wishes that are often left unspoken.<\/strong>.<\/p><p>I frequently share advice that animals have for people they are surrounded by to help them. <strong>My goal is\nto restore the connection<\/strong>we naturally have with animals that has been forgotten due to our hurried\nlifestyles.<\/p>\t\t\t\t\t\t\t\t<\/div>\n\t\t\t\t<\/div>\n\t\t\t\t\t<\/div>\n\t\t<\/div>\n\t\t\t\t\t<\/div>\n\t\t<\/section>\n\t\t<div class=\"elementor-element elementor-element-b606cd5 e-flex e-con-boxed e-con e-parent\" data-id=\"b606cd5\" data-element_type=\"container\" data-settings=\"{&quot;background_background&quot;:&quot;classic&quot;}\">\n\t\t\t\t\t<div class=\"e-con-inner\">\n\t\t\t\t<div class=\"elementor-element elementor-element-369f2f6 elementor-widget elementor-widget-heading\" data-id=\"369f2f6\" data-element_type=\"widget\" data-widget_type=\"heading.default\">\n\t\t\t\t<div class=\"elementor-widget-container\">\n\t\t\t\t\t<h2 class=\"elementor-heading-title elementor-size-default\">STORY WHEN I REALIZED I AM COMMUNICATING WITH ANIMALS<\/h2>\t\t\t\t<\/div>\n\t\t\t\t<\/div>\n\t\t\t\t\t<\/div>\n\t\t\t\t<\/div>\n\t\t<div class=\"elementor-element elementor-element-1885803 e-flex e-con-boxed e-con e-parent\" data-id=\"1885803\" data-element_type=\"container\" data-settings=\"{&quot;background_background&quot;:&quot;classic&quot;}\">\n\t\t\t\t\t<div class=\"e-con-inner\">\n\t\t<div class=\"elementor-element elementor-element-597550e e-con-full e-flex e-con e-parent\" data-id=\"597550e\" data-element_type=\"container\" data-settings=\"{&quot;background_background&quot;:&quot;classic&quot;}\">\n\t\t\t\t<\/div>\n\t\t<div class=\"elementor-element elementor-element-ebdd035 e-con-full e-flex e-con e-parent\" data-id=\"ebdd035\" data-element_type=\"container\" data-settings=\"{&quot;background_background&quot;:&quot;classic&quot;}\">\n\t\t\t\t<div class=\"elementor-element elementor-element-1b79e4d animated-slow elementor-invisible elementor-widget elementor-widget-text-editor\" data-id=\"1b79e4d\" data-element_type=\"widget\" data-settings=\"{&quot;_animation&quot;:&quot;fadeInRight&quot;}\" data-widget_type=\"text-editor.default\">\n\t\t\t\t<div class=\"elementor-widget-container\">\n\t\t\t\t\t\t\t\t\t<p><strong>I<\/strong> was <strong>16<\/strong> when I first read books on the subject written by the famous authors <a href=\"http:\/\/www.margritcoates.com\/\">Margrit Coates<\/a> and <a href=\"https:\/\/www.animaltalk.net\/\">Penelope Smith<\/a>. <strong>Deep down I wished<\/strong> for interspecies animal communication to be the real deal,\nhowever, I wasn&#039;t fully convinced<strong> until 2 years later when I realized I was already doing it.<\/strong><\/p><p>I had forgotten about books and animal communication although my heart's desire to work with animals always stayed with me. I was going through a harder life period at the time, and walking my dog was my therapy. Sometimes a dog named \u0160arko used to join us. \u0160arko was very timid and never left my side wherever we went. We had our route. That day we stayed way longer than planned. The \u201cboys\u201c were\nlaying beside me. <strong>All of a sudden I saw a vision of the home \u0160arko lived in.<\/strong> I asked him: \u201cDo you want to go home?\u201c He got up that same moment and ran in the direction of his home. That was a very strange thing for him to do.<\/p><p>After that similar things kept happening with different animals. The books I read before helped me to\nrealize that <strong>this is interspecies animal communication.<\/strong><\/p>\t\t\t\t\t\t\t\t<\/div>\n\t\t\t\t<\/div>\n\t\t\t\t<\/div>\n\t\t\t\t\t<\/div>\n\t\t\t\t<\/div>\n\t\t<div class=\"elementor-element elementor-element-408fe48 e-flex e-con-boxed e-con e-parent\" data-id=\"408fe48\" data-element_type=\"container\" data-settings=\"{&quot;background_background&quot;:&quot;classic&quot;}\">\n\t\t\t\t\t<div class=\"e-con-inner\">\n\t\t\t\t<div class=\"elementor-element elementor-element-53bfa91 elementor-widget elementor-widget-heading\" data-id=\"53bfa91\" data-element_type=\"widget\" data-widget_type=\"heading.default\">\n\t\t\t\t<div class=\"elementor-widget-container\">\n\t\t\t\t\t<h2 class=\"elementor-heading-title elementor-size-default\">MY PATH<\/h2>\t\t\t\t<\/div>\n\t\t\t\t<\/div>\n\t\t\t\t\t<\/div>\n\t\t\t\t<\/div>\n\t\t<div class=\"elementor-element elementor-element-fb7f35e e-flex e-con-boxed e-con e-parent\" data-id=\"fb7f35e\" data-element_type=\"container\" data-settings=\"{&quot;background_background&quot;:&quot;classic&quot;}\">\n\t\t\t\t\t<div class=\"e-con-inner\">\n\t\t<div class=\"elementor-element elementor-element-1afc793 e-con-full e-flex e-con e-parent\" data-id=\"1afc793\" data-element_type=\"container\" data-settings=\"{&quot;background_background&quot;:&quot;classic&quot;}\">\n\t\t\t\t<div class=\"elementor-element elementor-element-31ac176 animated-slow elementor-invisible elementor-widget elementor-widget-text-editor\" data-id=\"31ac176\" data-element_type=\"widget\" data-settings=\"{&quot;_animation&quot;:&quot;fadeInLeft&quot;}\" data-widget_type=\"text-editor.default\">\n\t\t\t\t<div class=\"elementor-widget-container\">\n\t\t\t\t\t\t\t\t\t<p>I completed the <strong>Beginning Core Foundations Course<\/strong> and later the <strong>Advanced Animal Talk Topics<\/strong> in <span style=\"text-decoration: underline;\"><strong>The Heart School of Animal Communication<\/strong><\/span>I provided <strong>few hundred free animal communication\nsessions<\/strong> with <span style=\"text-decoration: underline;\">animals worldwide<\/span>to get feedback. Although the feedback was positive and uplifting and gave me the reason to continue developing my skills, it took some time for me to set up the framework for providing intuitive animal communication services <span style=\"text-decoration: underline;\">professionally<\/span> and become <a href=\"https:\/\/test-iped.huped.hr\/hr\/page\/strucna-priznanja-4?t=1\"><strong>licensed by HUPED<\/strong><\/a>.<\/p>\t\t\t\t\t\t\t\t<\/div>\n\t\t\t\t<\/div>\n\t\t\t\t<\/div>\n\t\t<div class=\"elementor-element elementor-element-b9d7ecb e-con-full e-flex e-con e-parent\" data-id=\"b9d7ecb\" data-element_type=\"container\" data-settings=\"{&quot;background_background&quot;:&quot;classic&quot;}\">\n\t\t\t\t<\/div>\n\t\t\t\t\t<\/div>\n\t\t\t\t<\/div>\n\t\t\t\t<\/div>","protected":false},"excerpt":{"rendered":"<p>Nives Vi\u0161nji\u0107 Moja misija je pomo\u0107i \u017eivotinjama da ih ljudi razumiju na dubljoj razini i shvate koliko nam zapravo puno doprinose. \u017delim pomo\u0107i \u017eivotinjama da izraze svoje osje\u0107aje, misli i \u017eelje koje \u010desto ostanu neizre\u010dene. Tako\u0111er \u010desto dijelim savijete koje \u017eivotinje imaju za ljude kojima su okru\u017eene kako bi im pomogle. Na taj na\u010din \u017eelim [&hellip;]<\/p>","protected":false},"author":1,"featured_media":0,"parent":0,"menu_order":0,"comment_status":"closed","ping_status":"closed","template":"elementor_header_footer","meta":{"footnotes":""},"class_list":["post-31","page","type-page","status-publish","hentry"],"blocksy_meta":{"styles_descriptor":{"styles":{"desktop":"","tablet":"","mobile":""},"google_fonts":[],"version":6}},"yoast_head":"<!-- This site is optimized with the Yoast SEO Premium plugin v21.0 (Yoast SEO v26.6) - https:\/\/yoast.com\/wordpress\/plugins\/seo\/ -->\n<title>O MENI - Savjetovanje O \u017divotinjama | Komunikacija Sa \u017divotinjama - Hrvatska<\/title>\n<meta name=\"robots\" content=\"index, follow, max-snippet:-1, max-image-preview:large, max-video-preview:-1\" \/>\n<link rel=\"canonical\" href=\"https:\/\/unspokeneyes.com\/en\/o-meni\/\" \/>\n<meta property=\"og:locale\" content=\"en_US\" \/>\n<meta property=\"og:type\" content=\"article\" \/>\n<meta property=\"og:title\" content=\"O MENI\" \/>\n<meta property=\"og:description\" content=\"Nives Vi\u0161nji\u0107 Moja misija je pomo\u0107i \u017eivotinjama da ih ljudi razumiju na dubljoj razini i shvate koliko nam zapravo puno doprinose. \u017delim pomo\u0107i \u017eivotinjama da izraze svoje osje\u0107aje, misli i \u017eelje koje \u010desto ostanu neizre\u010dene. Tako\u0111er \u010desto dijelim savijete koje \u017eivotinje imaju za ljude kojima su okru\u017eene kako bi im pomogle. Na taj na\u010din \u017eelim [&hellip;]\" \/>\n<meta property=\"og:url\" content=\"https:\/\/unspokeneyes.com\/en\/o-meni\/\" \/>\n<meta property=\"og:site_name\" content=\"Savjetovanje O \u017divotinjama | Komunikacija Sa \u017divotinjama - Hrvatska\" \/>\n<meta property=\"article:modified_time\" content=\"2023-02-26T20:00:48+00:00\" \/>\n<meta name=\"twitter:card\" content=\"summary_large_image\" \/>\n<meta name=\"twitter:label1\" content=\"Est. reading time\" \/>\n\t<meta name=\"twitter:data1\" content=\"2 minutes\" \/>\n<script type=\"application\/ld+json\" class=\"yoast-schema-graph\">{\"@context\":\"https:\/\/schema.org\",\"@graph\":[{\"@type\":\"WebPage\",\"@id\":\"https:\/\/unspokeneyes.com\/o-meni\/\",\"url\":\"https:\/\/unspokeneyes.com\/o-meni\/\",\"name\":\"O MENI - Savjetovanje O \u017divotinjama | Komunikacija Sa \u017divotinjama - Hrvatska\",\"isPartOf\":{\"@id\":\"https:\/\/unspokeneyes.com\/#website\"},\"datePublished\":\"2023-01-11T17:00:08+00:00\",\"dateModified\":\"2023-02-26T20:00:48+00:00\",\"breadcrumb\":{\"@id\":\"https:\/\/unspokeneyes.com\/o-meni\/#breadcrumb\"},\"inLanguage\":\"en-US\",\"potentialAction\":[{\"@type\":\"ReadAction\",\"target\":[\"https:\/\/unspokeneyes.com\/o-meni\/\"]}]},{\"@type\":\"BreadcrumbList\",\"@id\":\"https:\/\/unspokeneyes.com\/o-meni\/#breadcrumb\",\"itemListElement\":[{\"@type\":\"ListItem\",\"position\":1,\"name\":\"Home\",\"item\":\"https:\/\/unspokeneyes.com\/\"},{\"@type\":\"ListItem\",\"position\":2,\"name\":\"O MENI\"}]},{\"@type\":\"WebSite\",\"@id\":\"https:\/\/unspokeneyes.com\/#website\",\"url\":\"https:\/\/unspokeneyes.com\/\",\"name\":\"Savjetovanje O \u017divotinjama | Komunikacija Sa \u017divotinjama - Hrvatska\",\"description\":\"Unspoken Eyes je obrt za savjetovanje o \u017eivotinjama\",\"publisher\":{\"@id\":\"https:\/\/unspokeneyes.com\/#organization\"},\"potentialAction\":[{\"@type\":\"SearchAction\",\"target\":{\"@type\":\"EntryPoint\",\"urlTemplate\":\"https:\/\/unspokeneyes.com\/?s={search_term_string}\"},\"query-input\":{\"@type\":\"PropertyValueSpecification\",\"valueRequired\":true,\"valueName\":\"search_term_string\"}}],\"inLanguage\":\"en-US\"},{\"@type\":\"Organization\",\"@id\":\"https:\/\/unspokeneyes.com\/#organization\",\"name\":\"Savjetovanje O \u017divotinjama | Komunikacija Sa \u017divotinjama - Hrvatska\",\"url\":\"https:\/\/unspokeneyes.com\/\",\"logo\":{\"@type\":\"ImageObject\",\"inLanguage\":\"en-US\",\"@id\":\"https:\/\/unspokeneyes.com\/#\/schema\/logo\/image\/\",\"url\":\"https:\/\/unspokeneyes.com\/wp-content\/uploads\/2023\/01\/NivesNaslov.png\",\"contentUrl\":\"https:\/\/unspokeneyes.com\/wp-content\/uploads\/2023\/01\/NivesNaslov.png\",\"width\":550,\"height\":150,\"caption\":\"Savjetovanje O \u017divotinjama | Komunikacija Sa \u017divotinjama - Hrvatska\"},\"image\":{\"@id\":\"https:\/\/unspokeneyes.com\/#\/schema\/logo\/image\/\"}}]}<\/script>\n<!-- \/ Yoast SEO Premium plugin. -->","yoast_head_json":{"title":"O MENI - Savjetovanje O \u017divotinjama | Komunikacija Sa \u017divotinjama - Hrvatska","robots":{"index":"index","follow":"follow","max-snippet":"max-snippet:-1","max-image-preview":"max-image-preview:large","max-video-preview":"max-video-preview:-1"},"canonical":"https:\/\/unspokeneyes.com\/en\/o-meni\/","og_locale":"en_US","og_type":"article","og_title":"O MENI","og_description":"Nives Vi\u0161nji\u0107 Moja misija je pomo\u0107i \u017eivotinjama da ih ljudi razumiju na dubljoj razini i shvate koliko nam zapravo puno doprinose. \u017delim pomo\u0107i \u017eivotinjama da izraze svoje osje\u0107aje, misli i \u017eelje koje \u010desto ostanu neizre\u010dene. Tako\u0111er \u010desto dijelim savijete koje \u017eivotinje imaju za ljude kojima su okru\u017eene kako bi im pomogle. Na taj na\u010din \u017eelim [&hellip;]","og_url":"https:\/\/unspokeneyes.com\/en\/o-meni\/","og_site_name":"Savjetovanje O \u017divotinjama | Komunikacija Sa \u017divotinjama - Hrvatska","article_modified_time":"2023-02-26T20:00:48+00:00","twitter_card":"summary_large_image","twitter_misc":{"Est. reading time":"2 minutes"},"schema":{"@context":"https:\/\/schema.org","@graph":[{"@type":"WebPage","@id":"https:\/\/unspokeneyes.com\/o-meni\/","url":"https:\/\/unspokeneyes.com\/o-meni\/","name":"O MENI - Savjetovanje O \u017divotinjama | Komunikacija Sa \u017divotinjama - Hrvatska","isPartOf":{"@id":"https:\/\/unspokeneyes.com\/#website"},"datePublished":"2023-01-11T17:00:08+00:00","dateModified":"2023-02-26T20:00:48+00:00","breadcrumb":{"@id":"https:\/\/unspokeneyes.com\/o-meni\/#breadcrumb"},"inLanguage":"en-US","potentialAction":[{"@type":"ReadAction","target":["https:\/\/unspokeneyes.com\/o-meni\/"]}]},{"@type":"BreadcrumbList","@id":"https:\/\/unspokeneyes.com\/o-meni\/#breadcrumb","itemListElement":[{"@type":"ListItem","position":1,"name":"Home","item":"https:\/\/unspokeneyes.com\/"},{"@type":"ListItem","position":2,"name":"O MENI"}]},{"@type":"WebSite","@id":"https:\/\/unspokeneyes.com\/#website","url":"https:\/\/unspokeneyes.com\/","name":"Savjetovanje O \u017divotinjama | Komunikacija Sa \u017divotinjama - Hrvatska","description":"Unspoken Eyes je obrt za savjetovanje o \u017eivotinjama","publisher":{"@id":"https:\/\/unspokeneyes.com\/#organization"},"potentialAction":[{"@type":"SearchAction","target":{"@type":"EntryPoint","urlTemplate":"https:\/\/unspokeneyes.com\/?s={search_term_string}"},"query-input":{"@type":"PropertyValueSpecification","valueRequired":true,"valueName":"search_term_string"}}],"inLanguage":"en-US"},{"@type":"Organization","@id":"https:\/\/unspokeneyes.com\/#organization","name":"Savjetovanje O \u017divotinjama | Komunikacija Sa \u017divotinjama - Hrvatska","url":"https:\/\/unspokeneyes.com\/","logo":{"@type":"ImageObject","inLanguage":"en-US","@id":"https:\/\/unspokeneyes.com\/#\/schema\/logo\/image\/","url":"https:\/\/unspokeneyes.com\/wp-content\/uploads\/2023\/01\/NivesNaslov.png","contentUrl":"https:\/\/unspokeneyes.com\/wp-content\/uploads\/2023\/01\/NivesNaslov.png","width":550,"height":150,"caption":"Savjetovanje O \u017divotinjama | Komunikacija Sa \u017divotinjama - Hrvatska"},"image":{"@id":"https:\/\/unspokeneyes.com\/#\/schema\/logo\/image\/"}}]}},"_links":{"self":[{"href":"https:\/\/unspokeneyes.com\/en\/wp-json\/wp\/v2\/pages\/31","targetHints":{"allow":["GET"]}}],"collection":[{"href":"https:\/\/unspokeneyes.com\/en\/wp-json\/wp\/v2\/pages"}],"about":[{"href":"https:\/\/unspokeneyes.com\/en\/wp-json\/wp\/v2\/types\/page"}],"author":[{"embeddable":true,"href":"https:\/\/unspokeneyes.com\/en\/wp-json\/wp\/v2\/users\/1"}],"replies":[{"embeddable":true,"href":"https:\/\/unspokeneyes.com\/en\/wp-json\/wp\/v2\/comments?post=31"}],"version-history":[{"count":80,"href":"https:\/\/unspokeneyes.com\/en\/wp-json\/wp\/v2\/pages\/31\/revisions"}],"predecessor-version":[{"id":824,"href":"https:\/\/unspokeneyes.com\/en\/wp-json\/wp\/v2\/pages\/31\/revisions\/824"}],"wp:attachment":[{"href":"https:\/\/unspokeneyes.com\/en\/wp-json\/wp\/v2\/media?parent=31"}],"curies":[{"name":"wp","href":"https:\/\/api.w.org\/{rel}","templated":true}]}}