{"id":32,"date":"2023-01-11T18:00:08","date_gmt":"2023-01-11T17:00:08","guid":{"rendered":"https:\/\/unspokeneyes.com\/?page_id=32"},"modified":"2023-02-26T20:53:23","modified_gmt":"2023-02-26T19:53:23","slug":"usluge","status":"publish","type":"page","link":"https:\/\/unspokeneyes.com\/en\/usluge\/","title":{"rendered":"SERVICES"},"content":{"rendered":"<div data-elementor-type=\"wp-page\" data-elementor-id=\"32\" class=\"elementor elementor-32\">\n\t\t\t\t<div class=\"elementor-element elementor-element-3aff383 e-flex e-con-boxed e-con e-parent\" data-id=\"3aff383\" data-element_type=\"container\">\n\t\t\t\t\t<div class=\"e-con-inner\">\n\t\t<div class=\"elementor-element elementor-element-ba1ccb8 e-con-full e-flex e-con e-parent\" data-id=\"ba1ccb8\" data-element_type=\"container\">\n\t\t<div class=\"elementor-element elementor-element-6a948ea e-con-full e-flex e-con e-parent\" data-id=\"6a948ea\" data-element_type=\"container\" data-settings=\"{&quot;background_background&quot;:&quot;classic&quot;}\">\n\t\t\t\t<div class=\"elementor-element elementor-element-f28f89a elementor-widget elementor-widget-heading\" data-id=\"f28f89a\" data-element_type=\"widget\" data-widget_type=\"heading.default\">\n\t\t\t\t<div class=\"elementor-widget-container\">\n\t\t\t\t\t<h2 class=\"elementor-heading-title elementor-size-default\">BASIC COMMUNICATION<\/h2>\t\t\t\t<\/div>\n\t\t\t\t<\/div>\n\t\t\t\t<div class=\"elementor-element elementor-element-c54c623 animated-slow elementor-invisible elementor-widget elementor-widget-text-editor\" data-id=\"c54c623\" data-element_type=\"widget\" data-settings=\"{&quot;_animation&quot;:&quot;fadeIn&quot;}\" data-widget_type=\"text-editor.default\">\n\t\t\t\t<div class=\"elementor-widget-container\">\n\t\t\t\t\t\t\t\t\t<p>When communicating with an animal, I first ask them to say a few things about them or their life to make sure I connected well. You have up to 5 questions or things you can ask your pet or say to them. In the end, I make sure to ask them if there is anything else they would love to share or talk about.<\/p>\t\t\t\t\t\t\t\t<\/div>\n\t\t\t\t<\/div>\n\t\t\t\t<\/div>\n\t\t\t\t<\/div>\n\t\t<div class=\"elementor-element elementor-element-776bede e-con-full e-flex e-con e-parent\" data-id=\"776bede\" data-element_type=\"container\" data-settings=\"{&quot;background_background&quot;:&quot;classic&quot;}\">\n\t\t\t\t<div class=\"elementor-element elementor-element-58344d2 animated-slow elementor-invisible elementor-widget elementor-widget-image\" data-id=\"58344d2\" data-element_type=\"widget\" data-settings=\"{&quot;_animation&quot;:&quot;zoomIn&quot;}\" data-widget_type=\"image.default\">\n\t\t\t\t<div class=\"elementor-widget-container\">\n\t\t\t\t\t\t\t\t\t\t\t\t\t\t\t<img fetchpriority=\"high\" decoding=\"async\" width=\"1024\" height=\"576\" src=\"https:\/\/unspokeneyes.com\/wp-content\/uploads\/2023\/01\/Bird-_1_-1024x576.png\" class=\"attachment-large size-large wp-image-485\" alt=\"\" srcset=\"https:\/\/unspokeneyes.com\/wp-content\/uploads\/2023\/01\/Bird-_1_-1024x576.png 1024w, https:\/\/unspokeneyes.com\/wp-content\/uploads\/2023\/01\/Bird-_1_-300x169.png 300w, https:\/\/unspokeneyes.com\/wp-content\/uploads\/2023\/01\/Bird-_1_-768x432.png 768w, https:\/\/unspokeneyes.com\/wp-content\/uploads\/2023\/01\/Bird-_1_-1536x864.png 1536w, https:\/\/unspokeneyes.com\/wp-content\/uploads\/2023\/01\/Bird-_1_-2048x1152.png 2048w\" sizes=\"(max-width: 1024px) 100vw, 1024px\" \/>\t\t\t\t\t\t\t\t\t\t\t\t\t\t\t<\/div>\n\t\t\t\t<\/div>\n\t\t\t\t<\/div>\n\t\t\t\t\t<\/div>\n\t\t\t\t<\/div>\n\t\t<div class=\"elementor-element elementor-element-8813d6e e-flex e-con-boxed e-con e-parent\" data-id=\"8813d6e\" data-element_type=\"container\" data-settings=\"{&quot;background_background&quot;:&quot;classic&quot;}\">\n\t\t\t\t\t<div class=\"e-con-inner\">\n\t\t<div class=\"elementor-element elementor-element-505453b e-con-full e-flex e-con e-parent\" data-id=\"505453b\" data-element_type=\"container\">\n\t\t\t\t<div class=\"elementor-element elementor-element-af9de00 animated-slow elementor-invisible elementor-widget elementor-widget-image\" data-id=\"af9de00\" data-element_type=\"widget\" data-settings=\"{&quot;_animation&quot;:&quot;zoomIn&quot;}\" data-widget_type=\"image.default\">\n\t\t\t\t<div class=\"elementor-widget-container\">\n\t\t\t\t\t\t\t\t\t\t\t\t\t\t\t<img decoding=\"async\" width=\"768\" height=\"432\" src=\"https:\/\/unspokeneyes.com\/wp-content\/uploads\/2023\/01\/Cat-768x432.png\" class=\"attachment-medium_large size-medium_large wp-image-486\" alt=\"\" srcset=\"https:\/\/unspokeneyes.com\/wp-content\/uploads\/2023\/01\/Cat-768x432.png 768w, https:\/\/unspokeneyes.com\/wp-content\/uploads\/2023\/01\/Cat-300x169.png 300w, https:\/\/unspokeneyes.com\/wp-content\/uploads\/2023\/01\/Cat-1024x576.png 1024w, https:\/\/unspokeneyes.com\/wp-content\/uploads\/2023\/01\/Cat-1536x864.png 1536w, https:\/\/unspokeneyes.com\/wp-content\/uploads\/2023\/01\/Cat-2048x1152.png 2048w\" sizes=\"(max-width: 768px) 100vw, 768px\" \/>\t\t\t\t\t\t\t\t\t\t\t\t\t\t\t<\/div>\n\t\t\t\t<\/div>\n\t\t\t\t<\/div>\n\t\t<div class=\"elementor-element elementor-element-21dfccd e-con-full e-flex e-con e-parent\" data-id=\"21dfccd\" data-element_type=\"container\">\n\t\t<div class=\"elementor-element elementor-element-03cd133 e-con-full e-flex e-con e-parent\" data-id=\"03cd133\" data-element_type=\"container\">\n\t\t\t\t<div class=\"elementor-element elementor-element-ab572d4 elementor-widget elementor-widget-heading\" data-id=\"ab572d4\" data-element_type=\"widget\" data-widget_type=\"heading.default\">\n\t\t\t\t<div class=\"elementor-widget-container\">\n\t\t\t\t\t<h2 class=\"elementor-heading-title elementor-size-default\">SHORTENED  COMMUNICATION<\/h2>\t\t\t\t<\/div>\n\t\t\t\t<\/div>\n\t\t\t\t<div class=\"elementor-element elementor-element-7ac083a animated-slow elementor-invisible elementor-widget elementor-widget-text-editor\" data-id=\"7ac083a\" data-element_type=\"widget\" data-settings=\"{&quot;_animation&quot;:&quot;fadeIn&quot;}\" data-widget_type=\"text-editor.default\">\n\t\t\t\t<div class=\"elementor-widget-container\">\n\t\t\t\t\t\t\t\t\t<p>The main difference between this and the basic version is that here you can ask or say up to 2 things. In the end, I will ask an animal if they have to share something briefly.\u00a0<\/p>\t\t\t\t\t\t\t\t<\/div>\n\t\t\t\t<\/div>\n\t\t\t\t<\/div>\n\t\t\t\t<\/div>\n\t\t\t\t\t<\/div>\n\t\t\t\t<\/div>\n\t\t<div class=\"elementor-element elementor-element-c93006c e-flex e-con-boxed e-con e-parent\" data-id=\"c93006c\" data-element_type=\"container\">\n\t\t\t\t\t<div class=\"e-con-inner\">\n\t\t<div class=\"elementor-element elementor-element-3a02aa2 e-con-full e-flex e-con e-parent\" data-id=\"3a02aa2\" data-element_type=\"container\">\n\t\t<div class=\"elementor-element elementor-element-66c74a5 e-con-full e-flex e-con e-parent\" data-id=\"66c74a5\" data-element_type=\"container\">\n\t\t\t\t<div class=\"elementor-element elementor-element-1be76e1 elementor-widget elementor-widget-heading\" data-id=\"1be76e1\" data-element_type=\"widget\" data-widget_type=\"heading.default\">\n\t\t\t\t<div class=\"elementor-widget-container\">\n\t\t\t\t\t<h2 class=\"elementor-heading-title elementor-size-default\">FOLLOW-UP COMMUNICATION<\/h2>\t\t\t\t<\/div>\n\t\t\t\t<\/div>\n\t\t\t\t<div class=\"elementor-element elementor-element-508739b animated-slow elementor-invisible elementor-widget elementor-widget-text-editor\" data-id=\"508739b\" data-element_type=\"widget\" data-settings=\"{&quot;_animation&quot;:&quot;fadeIn&quot;}\" data-widget_type=\"text-editor.default\">\n\t\t\t\t<div class=\"elementor-widget-container\">\n\t\t\t\t\t\t\t\t\t<p>This option is only available if I already communicated with the animal in question in the last 6 months. It is a great way to check in on how your animal is doing now if she has gone through a hard period or a\nbig change that we already communicated before. You can ask or say 1 thing that you want to say to your animal. In the end, I will ask your pet if there is anything they would like to share.<\/p>\t\t\t\t\t\t\t\t<\/div>\n\t\t\t\t<\/div>\n\t\t\t\t<\/div>\n\t\t\t\t<\/div>\n\t\t<div class=\"elementor-element elementor-element-207f830 e-con-full e-flex e-con e-parent\" data-id=\"207f830\" data-element_type=\"container\">\n\t\t\t\t<div class=\"elementor-element elementor-element-0d2c4bc e-transform animated-slow elementor-invisible elementor-widget elementor-widget-image\" data-id=\"0d2c4bc\" data-element_type=\"widget\" data-settings=\"{&quot;_transform_flipX_effect&quot;:&quot;transform&quot;,&quot;_animation&quot;:&quot;zoomIn&quot;}\" data-widget_type=\"image.default\">\n\t\t\t\t<div class=\"elementor-widget-container\">\n\t\t\t\t\t\t\t\t\t\t\t\t\t\t\t<img decoding=\"async\" width=\"768\" height=\"432\" src=\"https:\/\/unspokeneyes.com\/wp-content\/uploads\/2023\/01\/Fish-768x432.png\" class=\"attachment-medium_large size-medium_large wp-image-594\" alt=\"\" srcset=\"https:\/\/unspokeneyes.com\/wp-content\/uploads\/2023\/01\/Fish-768x432.png 768w, https:\/\/unspokeneyes.com\/wp-content\/uploads\/2023\/01\/Fish-300x169.png 300w, https:\/\/unspokeneyes.com\/wp-content\/uploads\/2023\/01\/Fish-1024x576.png 1024w, https:\/\/unspokeneyes.com\/wp-content\/uploads\/2023\/01\/Fish-1536x864.png 1536w, https:\/\/unspokeneyes.com\/wp-content\/uploads\/2023\/01\/Fish-2048x1152.png 2048w\" sizes=\"(max-width: 768px) 100vw, 768px\" \/>\t\t\t\t\t\t\t\t\t\t\t\t\t\t\t<\/div>\n\t\t\t\t<\/div>\n\t\t\t\t<\/div>\n\t\t\t\t\t<\/div>\n\t\t\t\t<\/div>\n\t\t<div class=\"elementor-element elementor-element-544e164 e-flex e-con-boxed e-con e-parent\" data-id=\"544e164\" data-element_type=\"container\" data-settings=\"{&quot;background_background&quot;:&quot;classic&quot;}\">\n\t\t\t\t\t<div class=\"e-con-inner\">\n\t\t<div class=\"elementor-element elementor-element-1c9e090 e-con-full e-flex e-con e-parent\" data-id=\"1c9e090\" data-element_type=\"container\">\n\t\t\t\t<div class=\"elementor-element elementor-element-91755db animated-slow elementor-invisible elementor-widget elementor-widget-image\" data-id=\"91755db\" data-element_type=\"widget\" data-settings=\"{&quot;_animation&quot;:&quot;zoomIn&quot;}\" data-widget_type=\"image.default\">\n\t\t\t\t<div class=\"elementor-widget-container\">\n\t\t\t\t\t\t\t\t\t\t\t\t\t\t\t<img loading=\"lazy\" decoding=\"async\" width=\"768\" height=\"432\" src=\"https:\/\/unspokeneyes.com\/wp-content\/uploads\/2023\/01\/Bunny-768x432.png\" class=\"attachment-medium_large size-medium_large wp-image-488\" alt=\"\" srcset=\"https:\/\/unspokeneyes.com\/wp-content\/uploads\/2023\/01\/Bunny-768x432.png 768w, https:\/\/unspokeneyes.com\/wp-content\/uploads\/2023\/01\/Bunny-300x169.png 300w, https:\/\/unspokeneyes.com\/wp-content\/uploads\/2023\/01\/Bunny-1024x576.png 1024w, https:\/\/unspokeneyes.com\/wp-content\/uploads\/2023\/01\/Bunny-1536x864.png 1536w, https:\/\/unspokeneyes.com\/wp-content\/uploads\/2023\/01\/Bunny-2048x1152.png 2048w\" sizes=\"(max-width: 768px) 100vw, 768px\" \/>\t\t\t\t\t\t\t\t\t\t\t\t\t\t\t<\/div>\n\t\t\t\t<\/div>\n\t\t\t\t<\/div>\n\t\t<div class=\"elementor-element elementor-element-58113da e-con-full e-flex e-con e-parent\" data-id=\"58113da\" data-element_type=\"container\">\n\t\t<div class=\"elementor-element elementor-element-93b3339 e-con-full e-flex e-con e-parent\" data-id=\"93b3339\" data-element_type=\"container\">\n\t\t\t\t<div class=\"elementor-element elementor-element-5cb7bcf elementor-widget elementor-widget-heading\" data-id=\"5cb7bcf\" data-element_type=\"widget\" data-widget_type=\"heading.default\">\n\t\t\t\t<div class=\"elementor-widget-container\">\n\t\t\t\t\t<h2 class=\"elementor-heading-title elementor-size-default\">ADDITIONAL QUESTIONS<\/h2>\t\t\t\t<\/div>\n\t\t\t\t<\/div>\n\t\t\t\t<div class=\"elementor-element elementor-element-0fc34c1 animated-slow elementor-invisible elementor-widget elementor-widget-text-editor\" data-id=\"0fc34c1\" data-element_type=\"widget\" data-settings=\"{&quot;_animation&quot;:&quot;fadeIn&quot;}\" data-widget_type=\"text-editor.default\">\n\t\t\t\t<div class=\"elementor-widget-container\">\n\t\t\t\t\t\t\t\t\t<p>You want some of the options above, but you have more questions you want to ask them than offered?\nDon't worry! Pick the option you would like from above and combine it with this option. Each question above offered will be priced separately.<\/p>\t\t\t\t\t\t\t\t<\/div>\n\t\t\t\t<\/div>\n\t\t\t\t<\/div>\n\t\t\t\t<\/div>\n\t\t\t\t\t<\/div>\n\t\t\t\t<\/div>\n\t\t<div class=\"elementor-element elementor-element-1a0d83b e-flex e-con-boxed e-con e-parent\" data-id=\"1a0d83b\" data-element_type=\"container\" data-settings=\"{&quot;background_background&quot;:&quot;classic&quot;}\">\n\t\t\t\t\t<div class=\"e-con-inner\">\n\t\t\t\t<div class=\"elementor-element elementor-element-709224c elementor-cta--layout-image-above elementor-cta--valign-middle elementor-cta--skin-classic elementor-animated-content elementor-bg-transform elementor-bg-transform-zoom-in elementor-widget elementor-widget-call-to-action\" data-id=\"709224c\" data-element_type=\"widget\" data-widget_type=\"call-to-action.default\">\n\t\t\t\t<div class=\"elementor-widget-container\">\n\t\t\t\t\t\t\t<div class=\"elementor-cta\">\n\t\t\t\t\t<div class=\"elementor-cta__bg-wrapper\">\n\t\t\t\t<div class=\"elementor-cta__bg elementor-bg\" style=\"background-image: url(https:\/\/unspokeneyes.com\/wp-content\/uploads\/2023\/01\/18-resized.jpg);\"><\/div>\n\t\t\t\t<div class=\"elementor-cta__bg-overlay\"><\/div>\n\t\t\t<\/div>\n\t\t\t\t\t\t\t<div class=\"elementor-cta__content\">\n\t\t\t\t\n\t\t\t\t<h2 class=\"elementor-cta__title elementor-cta__content-item elementor-content-item\">FIND OUT WHAT YOUR PET HAS TO SAY <\/h2>\n\t\t\t\t\t\t\t\t\t<div class=\"elementor-cta__description elementor-cta__content-item elementor-content-item\">\n\t\t\t\t\t\tLeave your contact here and tell me which  way you want to be contact (email, a phone call, WhatsAp message...). I will respond withind 24 hours so we can arrange all the details! Get ready for an adventure!\t\t\t\t\t<\/div>\n\t\t\t\t\n\t\t\t\t\t\t\t\t\t<div class=\"elementor-cta__button-wrapper elementor-cta__content-item elementor-content-item\">\n\t\t\t\t\t<a class=\"elementor-cta__button elementor-button elementor-size-sm\" href=\"https:\/\/unspokeneyes.com\/en\/kontakt\/\">\n\t\t\t\t\t\tContact me!\t\t\t\t\t<\/a>\n\t\t\t\t\t<\/div>\n\t\t\t\t\t\t\t<\/div>\n\t\t\t\t\t\t<\/div>\n\t\t\t\t\t\t<\/div>\n\t\t\t\t<\/div>\n\t\t\t\t\t<\/div>\n\t\t\t\t<\/div>\n\t\t<div class=\"elementor-element elementor-element-bccc690 e-flex e-con-boxed e-con e-parent\" data-id=\"bccc690\" data-element_type=\"container\">\n\t\t\t\t\t<div class=\"e-con-inner\">\n\t\t\t\t<div class=\"elementor-element elementor-element-f0285c5 elementor-blockquote--skin-quotation elementor-blockquote--align-center elementor-blockquote--button-color-official elementor-widget elementor-widget-blockquote\" data-id=\"f0285c5\" data-element_type=\"widget\" data-widget_type=\"blockquote.default\">\n\t\t\t\t<div class=\"elementor-widget-container\">\n\t\t\t\t\t\t\t<blockquote class=\"elementor-blockquote\">\n\t\t\t<p class=\"elementor-blockquote__content\">\n\t\t\t\tBefore hiring me I advise you to tell me the important topics you want me to talk about with your pet.\nContact me for more details.\t\t\t<\/p>\n\t\t\t\t\t<\/blockquote>\n\t\t\t\t\t\t<\/div>\n\t\t\t\t<\/div>\n\t\t\t\t\t<\/div>\n\t\t\t\t<\/div>\n\t\t\t\t<\/div>","protected":false},"excerpt":{"rendered":"<p>OSNOVNA KOMUNIKACIJA Kad komuniciram s nekom \u017eivotinjom, uvijek ju na po\u010detku zamolim da mi ka\u017ee nekoliko stvari o sebi kako bi sa sigurno\u0161\u0107u mogli re\u0107i da stvarno komuniciram s tom \u017eivotinjom. Imate pravo na 5 pitanja ili stvari koje \u017eelite re\u0107i \u017eivotinji. Na kraju komunikacije uvijek pitam \u017eivotinju da li ima jo\u0161 ne\u0161to dodatno \u0161to [&hellip;]<\/p>","protected":false},"author":1,"featured_media":0,"parent":0,"menu_order":0,"comment_status":"closed","ping_status":"closed","template":"elementor_header_footer","meta":{"footnotes":""},"class_list":["post-32","page","type-page","status-publish","hentry"],"blocksy_meta":{"styles_descriptor":{"styles":{"desktop":"","tablet":"","mobile":""},"google_fonts":[],"version":6}},"yoast_head":"<!-- This site is optimized with the Yoast SEO Premium plugin v21.0 (Yoast SEO v26.6) - https:\/\/yoast.com\/wordpress\/plugins\/seo\/ -->\n<title>USLUGE - Savjetovanje O \u017divotinjama | Komunikacija Sa \u017divotinjama - Hrvatska<\/title>\n<meta name=\"robots\" content=\"index, follow, max-snippet:-1, max-image-preview:large, max-video-preview:-1\" \/>\n<link rel=\"canonical\" href=\"https:\/\/unspokeneyes.com\/en\/usluge\/\" \/>\n<meta property=\"og:locale\" content=\"en_US\" \/>\n<meta property=\"og:type\" content=\"article\" \/>\n<meta property=\"og:title\" content=\"USLUGE\" \/>\n<meta property=\"og:description\" content=\"OSNOVNA KOMUNIKACIJA Kad komuniciram s nekom \u017eivotinjom, uvijek ju na po\u010detku zamolim da mi ka\u017ee nekoliko stvari o sebi kako bi sa sigurno\u0161\u0107u mogli re\u0107i da stvarno komuniciram s tom \u017eivotinjom. Imate pravo na 5 pitanja ili stvari koje \u017eelite re\u0107i \u017eivotinji. Na kraju komunikacije uvijek pitam \u017eivotinju da li ima jo\u0161 ne\u0161to dodatno \u0161to [&hellip;]\" \/>\n<meta property=\"og:url\" content=\"https:\/\/unspokeneyes.com\/en\/usluge\/\" \/>\n<meta property=\"og:site_name\" content=\"Savjetovanje O \u017divotinjama | Komunikacija Sa \u017divotinjama - Hrvatska\" \/>\n<meta property=\"article:modified_time\" content=\"2023-02-26T19:53:23+00:00\" \/>\n<meta property=\"og:image\" content=\"https:\/\/unspokeneyes.com\/wp-content\/uploads\/2023\/01\/Bird-_1_-1024x576.png\" \/>\n<meta name=\"twitter:card\" content=\"summary_large_image\" \/>\n<meta name=\"twitter:label1\" content=\"Est. reading time\" \/>\n\t<meta name=\"twitter:data1\" content=\"2 minutes\" \/>\n<script type=\"application\/ld+json\" class=\"yoast-schema-graph\">{\"@context\":\"https:\/\/schema.org\",\"@graph\":[{\"@type\":\"WebPage\",\"@id\":\"https:\/\/unspokeneyes.com\/usluge\/\",\"url\":\"https:\/\/unspokeneyes.com\/usluge\/\",\"name\":\"USLUGE - Savjetovanje O \u017divotinjama | Komunikacija Sa \u017divotinjama - Hrvatska\",\"isPartOf\":{\"@id\":\"https:\/\/unspokeneyes.com\/#website\"},\"primaryImageOfPage\":{\"@id\":\"https:\/\/unspokeneyes.com\/usluge\/#primaryimage\"},\"image\":{\"@id\":\"https:\/\/unspokeneyes.com\/usluge\/#primaryimage\"},\"thumbnailUrl\":\"https:\/\/unspokeneyes.com\/wp-content\/uploads\/2023\/01\/Bird-_1_-1024x576.png\",\"datePublished\":\"2023-01-11T17:00:08+00:00\",\"dateModified\":\"2023-02-26T19:53:23+00:00\",\"breadcrumb\":{\"@id\":\"https:\/\/unspokeneyes.com\/usluge\/#breadcrumb\"},\"inLanguage\":\"en-US\",\"potentialAction\":[{\"@type\":\"ReadAction\",\"target\":[\"https:\/\/unspokeneyes.com\/usluge\/\"]}]},{\"@type\":\"ImageObject\",\"inLanguage\":\"en-US\",\"@id\":\"https:\/\/unspokeneyes.com\/usluge\/#primaryimage\",\"url\":\"https:\/\/unspokeneyes.com\/wp-content\/uploads\/2023\/01\/Bird-_1_-1024x576.png\",\"contentUrl\":\"https:\/\/unspokeneyes.com\/wp-content\/uploads\/2023\/01\/Bird-_1_-1024x576.png\"},{\"@type\":\"BreadcrumbList\",\"@id\":\"https:\/\/unspokeneyes.com\/usluge\/#breadcrumb\",\"itemListElement\":[{\"@type\":\"ListItem\",\"position\":1,\"name\":\"Home\",\"item\":\"https:\/\/unspokeneyes.com\/\"},{\"@type\":\"ListItem\",\"position\":2,\"name\":\"USLUGE\"}]},{\"@type\":\"WebSite\",\"@id\":\"https:\/\/unspokeneyes.com\/#website\",\"url\":\"https:\/\/unspokeneyes.com\/\",\"name\":\"Savjetovanje O \u017divotinjama | Komunikacija Sa \u017divotinjama - Hrvatska\",\"description\":\"Unspoken Eyes je obrt za savjetovanje o \u017eivotinjama\",\"publisher\":{\"@id\":\"https:\/\/unspokeneyes.com\/#organization\"},\"potentialAction\":[{\"@type\":\"SearchAction\",\"target\":{\"@type\":\"EntryPoint\",\"urlTemplate\":\"https:\/\/unspokeneyes.com\/?s={search_term_string}\"},\"query-input\":{\"@type\":\"PropertyValueSpecification\",\"valueRequired\":true,\"valueName\":\"search_term_string\"}}],\"inLanguage\":\"en-US\"},{\"@type\":\"Organization\",\"@id\":\"https:\/\/unspokeneyes.com\/#organization\",\"name\":\"Savjetovanje O \u017divotinjama | Komunikacija Sa \u017divotinjama - Hrvatska\",\"url\":\"https:\/\/unspokeneyes.com\/\",\"logo\":{\"@type\":\"ImageObject\",\"inLanguage\":\"en-US\",\"@id\":\"https:\/\/unspokeneyes.com\/#\/schema\/logo\/image\/\",\"url\":\"https:\/\/unspokeneyes.com\/wp-content\/uploads\/2023\/01\/NivesNaslov.png\",\"contentUrl\":\"https:\/\/unspokeneyes.com\/wp-content\/uploads\/2023\/01\/NivesNaslov.png\",\"width\":550,\"height\":150,\"caption\":\"Savjetovanje O \u017divotinjama | Komunikacija Sa \u017divotinjama - Hrvatska\"},\"image\":{\"@id\":\"https:\/\/unspokeneyes.com\/#\/schema\/logo\/image\/\"}}]}<\/script>\n<!-- \/ Yoast SEO Premium plugin. -->","yoast_head_json":{"title":"USLUGE - Savjetovanje O \u017divotinjama | Komunikacija Sa \u017divotinjama - Hrvatska","robots":{"index":"index","follow":"follow","max-snippet":"max-snippet:-1","max-image-preview":"max-image-preview:large","max-video-preview":"max-video-preview:-1"},"canonical":"https:\/\/unspokeneyes.com\/en\/usluge\/","og_locale":"en_US","og_type":"article","og_title":"USLUGE","og_description":"OSNOVNA KOMUNIKACIJA Kad komuniciram s nekom \u017eivotinjom, uvijek ju na po\u010detku zamolim da mi ka\u017ee nekoliko stvari o sebi kako bi sa sigurno\u0161\u0107u mogli re\u0107i da stvarno komuniciram s tom \u017eivotinjom. Imate pravo na 5 pitanja ili stvari koje \u017eelite re\u0107i \u017eivotinji. Na kraju komunikacije uvijek pitam \u017eivotinju da li ima jo\u0161 ne\u0161to dodatno \u0161to [&hellip;]","og_url":"https:\/\/unspokeneyes.com\/en\/usluge\/","og_site_name":"Savjetovanje O \u017divotinjama | Komunikacija Sa \u017divotinjama - Hrvatska","article_modified_time":"2023-02-26T19:53:23+00:00","og_image":[{"url":"https:\/\/unspokeneyes.com\/wp-content\/uploads\/2023\/01\/Bird-_1_-1024x576.png","type":"","width":"","height":""}],"twitter_card":"summary_large_image","twitter_misc":{"Est. reading time":"2 minutes"},"schema":{"@context":"https:\/\/schema.org","@graph":[{"@type":"WebPage","@id":"https:\/\/unspokeneyes.com\/usluge\/","url":"https:\/\/unspokeneyes.com\/usluge\/","name":"USLUGE - Savjetovanje O \u017divotinjama | Komunikacija Sa \u017divotinjama - Hrvatska","isPartOf":{"@id":"https:\/\/unspokeneyes.com\/#website"},"primaryImageOfPage":{"@id":"https:\/\/unspokeneyes.com\/usluge\/#primaryimage"},"image":{"@id":"https:\/\/unspokeneyes.com\/usluge\/#primaryimage"},"thumbnailUrl":"https:\/\/unspokeneyes.com\/wp-content\/uploads\/2023\/01\/Bird-_1_-1024x576.png","datePublished":"2023-01-11T17:00:08+00:00","dateModified":"2023-02-26T19:53:23+00:00","breadcrumb":{"@id":"https:\/\/unspokeneyes.com\/usluge\/#breadcrumb"},"inLanguage":"en-US","potentialAction":[{"@type":"ReadAction","target":["https:\/\/unspokeneyes.com\/usluge\/"]}]},{"@type":"ImageObject","inLanguage":"en-US","@id":"https:\/\/unspokeneyes.com\/usluge\/#primaryimage","url":"https:\/\/unspokeneyes.com\/wp-content\/uploads\/2023\/01\/Bird-_1_-1024x576.png","contentUrl":"https:\/\/unspokeneyes.com\/wp-content\/uploads\/2023\/01\/Bird-_1_-1024x576.png"},{"@type":"BreadcrumbList","@id":"https:\/\/unspokeneyes.com\/usluge\/#breadcrumb","itemListElement":[{"@type":"ListItem","position":1,"name":"Home","item":"https:\/\/unspokeneyes.com\/"},{"@type":"ListItem","position":2,"name":"USLUGE"}]},{"@type":"WebSite","@id":"https:\/\/unspokeneyes.com\/#website","url":"https:\/\/unspokeneyes.com\/","name":"Savjetovanje O \u017divotinjama | Komunikacija Sa \u017divotinjama - Hrvatska","description":"Unspoken Eyes je obrt za savjetovanje o \u017eivotinjama","publisher":{"@id":"https:\/\/unspokeneyes.com\/#organization"},"potentialAction":[{"@type":"SearchAction","target":{"@type":"EntryPoint","urlTemplate":"https:\/\/unspokeneyes.com\/?s={search_term_string}"},"query-input":{"@type":"PropertyValueSpecification","valueRequired":true,"valueName":"search_term_string"}}],"inLanguage":"en-US"},{"@type":"Organization","@id":"https:\/\/unspokeneyes.com\/#organization","name":"Savjetovanje O \u017divotinjama | Komunikacija Sa \u017divotinjama - Hrvatska","url":"https:\/\/unspokeneyes.com\/","logo":{"@type":"ImageObject","inLanguage":"en-US","@id":"https:\/\/unspokeneyes.com\/#\/schema\/logo\/image\/","url":"https:\/\/unspokeneyes.com\/wp-content\/uploads\/2023\/01\/NivesNaslov.png","contentUrl":"https:\/\/unspokeneyes.com\/wp-content\/uploads\/2023\/01\/NivesNaslov.png","width":550,"height":150,"caption":"Savjetovanje O \u017divotinjama | Komunikacija Sa \u017divotinjama - Hrvatska"},"image":{"@id":"https:\/\/unspokeneyes.com\/#\/schema\/logo\/image\/"}}]}},"_links":{"self":[{"href":"https:\/\/unspokeneyes.com\/en\/wp-json\/wp\/v2\/pages\/32","targetHints":{"allow":["GET"]}}],"collection":[{"href":"https:\/\/unspokeneyes.com\/en\/wp-json\/wp\/v2\/pages"}],"about":[{"href":"https:\/\/unspokeneyes.com\/en\/wp-json\/wp\/v2\/types\/page"}],"author":[{"embeddable":true,"href":"https:\/\/unspokeneyes.com\/en\/wp-json\/wp\/v2\/users\/1"}],"replies":[{"embeddable":true,"href":"https:\/\/unspokeneyes.com\/en\/wp-json\/wp\/v2\/comments?post=32"}],"version-history":[{"count":62,"href":"https:\/\/unspokeneyes.com\/en\/wp-json\/wp\/v2\/pages\/32\/revisions"}],"predecessor-version":[{"id":811,"href":"https:\/\/unspokeneyes.com\/en\/wp-json\/wp\/v2\/pages\/32\/revisions\/811"}],"wp:attachment":[{"href":"https:\/\/unspokeneyes.com\/en\/wp-json\/wp\/v2\/media?parent=32"}],"curies":[{"name":"wp","href":"https:\/\/api.w.org\/{rel}","templated":true}]}}