{"id":329,"date":"2023-01-22T01:42:01","date_gmt":"2023-01-22T00:42:01","guid":{"rendered":"https:\/\/unspokeneyes.com\/?page_id=329"},"modified":"2023-12-29T16:27:16","modified_gmt":"2023-12-29T15:27:16","slug":"f-a-q","status":"publish","type":"page","link":"https:\/\/unspokeneyes.com\/en\/f-a-q\/","title":{"rendered":"F.A.Q."},"content":{"rendered":"<div data-elementor-type=\"wp-page\" data-elementor-id=\"329\" class=\"elementor elementor-329\">\n\t\t\t\t<div class=\"elementor-element elementor-element-52dc4671 e-con-full e-flex e-con e-parent\" data-id=\"52dc4671\" data-element_type=\"container\" data-settings=\"{&quot;background_background&quot;:&quot;classic&quot;}\">\n\t\t\t\t<div class=\"elementor-element elementor-element-49c15a69 elementor-widget__width-initial elementor-widget elementor-widget-toggle\" data-id=\"49c15a69\" data-element_type=\"widget\" data-widget_type=\"toggle.default\">\n\t\t\t\t<div class=\"elementor-widget-container\">\n\t\t\t\t\t\t\t<div class=\"elementor-toggle\">\n\t\t\t\t\t\t\t<div class=\"elementor-toggle-item\">\n\t\t\t\t\t<h5 id=\"elementor-tab-title-1231\" class=\"elementor-tab-title\" data-tab=\"1\" role=\"button\" aria-controls=\"elementor-tab-content-1231\" aria-expanded=\"false\">\n\t\t\t\t\t\t\t\t\t\t\t\t<span class=\"elementor-toggle-icon elementor-toggle-icon-right\" aria-hidden=\"true\">\n\t\t\t\t\t\t\t\t\t\t\t\t\t\t\t<span class=\"elementor-toggle-icon-closed\"><svg xmlns=\"http:\/\/www.w3.org\/2000\/svg\" id=\"a\" width=\"43.104\" height=\"45.888\" viewbox=\"0 0 43.104 45.888\"><polygon points=\"24.096 20.16 24.096 0 19.008 0 19.008 20.16 0 20.16 0 25.248 19.008 25.248 19.008 45.888 24.096 45.888 24.096 25.248 43.104 25.248 43.104 20.16 24.096 20.16\"><\/polygon><\/svg><\/span>\n\t\t\t\t\t\t\t\t<span class=\"elementor-toggle-icon-opened\"><svg xmlns=\"http:\/\/www.w3.org\/2000\/svg\" id=\"a\" width=\"43\" height=\"6\" viewbox=\"0 0 43 6\"><rect width=\"43\" height=\"6\"><\/rect><\/svg><\/span>\n\t\t\t\t\t\t\t\t\t\t\t\t\t<\/span>\n\t\t\t\t\t\t\t\t\t\t\t\t<a class=\"elementor-toggle-title\" tabindex=\"0\">Are you able to communicate with all kinds of animals?<\/a>\n\t\t\t\t\t<\/h5>\n\n\t\t\t\t\t<div id=\"elementor-tab-content-1231\" class=\"elementor-tab-content elementor-clearfix\" data-tab=\"1\" role=\"region\" aria-labelledby=\"elementor-tab-title-1231\"><p>Yes, all animals have the ability of interspecies communication, including insects. Up until now,\nbesides dogs, cats, and horses, I communicated with birds, wasps, bees, hedgehogs, fishes,\nferrets, house rats, spiders, and more.<\/p><\/div>\n\t\t\t\t<\/div>\n\t\t\t\t\t\t\t<div class=\"elementor-toggle-item\">\n\t\t\t\t\t<h5 id=\"elementor-tab-title-1232\" class=\"elementor-tab-title\" data-tab=\"2\" role=\"button\" aria-controls=\"elementor-tab-content-1232\" aria-expanded=\"false\">\n\t\t\t\t\t\t\t\t\t\t\t\t<span class=\"elementor-toggle-icon elementor-toggle-icon-right\" aria-hidden=\"true\">\n\t\t\t\t\t\t\t\t\t\t\t\t\t\t\t<span class=\"elementor-toggle-icon-closed\"><svg xmlns=\"http:\/\/www.w3.org\/2000\/svg\" id=\"a\" width=\"43.104\" height=\"45.888\" viewbox=\"0 0 43.104 45.888\"><polygon points=\"24.096 20.16 24.096 0 19.008 0 19.008 20.16 0 20.16 0 25.248 19.008 25.248 19.008 45.888 24.096 45.888 24.096 25.248 43.104 25.248 43.104 20.16 24.096 20.16\"><\/polygon><\/svg><\/span>\n\t\t\t\t\t\t\t\t<span class=\"elementor-toggle-icon-opened\"><svg xmlns=\"http:\/\/www.w3.org\/2000\/svg\" id=\"a\" width=\"43\" height=\"6\" viewbox=\"0 0 43 6\"><rect width=\"43\" height=\"6\"><\/rect><\/svg><\/span>\n\t\t\t\t\t\t\t\t\t\t\t\t\t<\/span>\n\t\t\t\t\t\t\t\t\t\t\t\t<a class=\"elementor-toggle-title\" tabindex=\"0\">I don&#039;t live near you. Is it still possible for you to connect with my pet?<\/a>\n\t\t\t\t\t<\/h5>\n\n\t\t\t\t\t<div id=\"elementor-tab-content-1232\" class=\"elementor-tab-content elementor-clearfix\" data-tab=\"2\" role=\"region\" aria-labelledby=\"elementor-tab-title-1232\"><p>Your pet doesn't have to be near me for us to have successful communication. Moreover,\ncommunications that are done from my safe space are of the best quality. I communicated with animals worldwide. The beauty of telepathy is that we are not limited by time or space.<\/p><\/div>\n\t\t\t\t<\/div>\n\t\t\t\t\t\t\t<div class=\"elementor-toggle-item\">\n\t\t\t\t\t<h5 id=\"elementor-tab-title-1233\" class=\"elementor-tab-title\" data-tab=\"3\" role=\"button\" aria-controls=\"elementor-tab-content-1233\" aria-expanded=\"false\">\n\t\t\t\t\t\t\t\t\t\t\t\t<span class=\"elementor-toggle-icon elementor-toggle-icon-right\" aria-hidden=\"true\">\n\t\t\t\t\t\t\t\t\t\t\t\t\t\t\t<span class=\"elementor-toggle-icon-closed\"><svg xmlns=\"http:\/\/www.w3.org\/2000\/svg\" id=\"a\" width=\"43.104\" height=\"45.888\" viewbox=\"0 0 43.104 45.888\"><polygon points=\"24.096 20.16 24.096 0 19.008 0 19.008 20.16 0 20.16 0 25.248 19.008 25.248 19.008 45.888 24.096 45.888 24.096 25.248 43.104 25.248 43.104 20.16 24.096 20.16\"><\/polygon><\/svg><\/span>\n\t\t\t\t\t\t\t\t<span class=\"elementor-toggle-icon-opened\"><svg xmlns=\"http:\/\/www.w3.org\/2000\/svg\" id=\"a\" width=\"43\" height=\"6\" viewbox=\"0 0 43 6\"><rect width=\"43\" height=\"6\"><\/rect><\/svg><\/span>\n\t\t\t\t\t\t\t\t\t\t\t\t\t<\/span>\n\t\t\t\t\t\t\t\t\t\t\t\t<a class=\"elementor-toggle-title\" tabindex=\"0\">What are the methods of payment and can I pay in other currencies besides the euro?<\/a>\n\t\t\t\t\t<\/h5>\n\n\t\t\t\t\t<div id=\"elementor-tab-content-1233\" class=\"elementor-tab-content elementor-clearfix\" data-tab=\"3\" role=\"region\" aria-labelledby=\"elementor-tab-title-1233\"><p>Besides direct transactions on my bank account, it is possible to use PayPal. After finishing the\nreading, I am sending a communication to your e-mail together with the invoice where you can\nfind payment information. It is possible to pay in the euro or USD.<\/p><\/div>\n\t\t\t\t<\/div>\n\t\t\t\t\t\t\t<div class=\"elementor-toggle-item\">\n\t\t\t\t\t<h5 id=\"elementor-tab-title-1234\" class=\"elementor-tab-title\" data-tab=\"4\" role=\"button\" aria-controls=\"elementor-tab-content-1234\" aria-expanded=\"false\">\n\t\t\t\t\t\t\t\t\t\t\t\t<span class=\"elementor-toggle-icon elementor-toggle-icon-right\" aria-hidden=\"true\">\n\t\t\t\t\t\t\t\t\t\t\t\t\t\t\t<span class=\"elementor-toggle-icon-closed\"><svg xmlns=\"http:\/\/www.w3.org\/2000\/svg\" id=\"a\" width=\"43.104\" height=\"45.888\" viewbox=\"0 0 43.104 45.888\"><polygon points=\"24.096 20.16 24.096 0 19.008 0 19.008 20.16 0 20.16 0 25.248 19.008 25.248 19.008 45.888 24.096 45.888 24.096 25.248 43.104 25.248 43.104 20.16 24.096 20.16\"><\/polygon><\/svg><\/span>\n\t\t\t\t\t\t\t\t<span class=\"elementor-toggle-icon-opened\"><svg xmlns=\"http:\/\/www.w3.org\/2000\/svg\" id=\"a\" width=\"43\" height=\"6\" viewbox=\"0 0 43 6\"><rect width=\"43\" height=\"6\"><\/rect><\/svg><\/span>\n\t\t\t\t\t\t\t\t\t\t\t\t\t<\/span>\n\t\t\t\t\t\t\t\t\t\t\t\t<a class=\"elementor-toggle-title\" tabindex=\"0\">When can I expect the communication?<\/a>\n\t\t\t\t\t<\/h5>\n\n\t\t\t\t\t<div id=\"elementor-tab-content-1234\" class=\"elementor-tab-content elementor-clearfix\" data-tab=\"4\" role=\"region\" aria-labelledby=\"elementor-tab-title-1234\"><p>You can expect communication to be ready within 7 working days. In most cases that is a few working days. If it is something urgent, there is an option for urgent situations that I can deliver in 24 hours.<\/p><\/div>\n\t\t\t\t<\/div>\n\t\t\t\t\t\t\t<div class=\"elementor-toggle-item\">\n\t\t\t\t\t<h5 id=\"elementor-tab-title-1235\" class=\"elementor-tab-title\" data-tab=\"5\" role=\"button\" aria-controls=\"elementor-tab-content-1235\" aria-expanded=\"false\">\n\t\t\t\t\t\t\t\t\t\t\t\t<span class=\"elementor-toggle-icon elementor-toggle-icon-right\" aria-hidden=\"true\">\n\t\t\t\t\t\t\t\t\t\t\t\t\t\t\t<span class=\"elementor-toggle-icon-closed\"><svg xmlns=\"http:\/\/www.w3.org\/2000\/svg\" id=\"a\" width=\"43.104\" height=\"45.888\" viewbox=\"0 0 43.104 45.888\"><polygon points=\"24.096 20.16 24.096 0 19.008 0 19.008 20.16 0 20.16 0 25.248 19.008 25.248 19.008 45.888 24.096 45.888 24.096 25.248 43.104 25.248 43.104 20.16 24.096 20.16\"><\/polygon><\/svg><\/span>\n\t\t\t\t\t\t\t\t<span class=\"elementor-toggle-icon-opened\"><svg xmlns=\"http:\/\/www.w3.org\/2000\/svg\" id=\"a\" width=\"43\" height=\"6\" viewbox=\"0 0 43 6\"><rect width=\"43\" height=\"6\"><\/rect><\/svg><\/span>\n\t\t\t\t\t\t\t\t\t\t\t\t\t<\/span>\n\t\t\t\t\t\t\t\t\t\t\t\t<a class=\"elementor-toggle-title\" tabindex=\"0\">What can I ask my pet?<\/a>\n\t\t\t\t\t<\/h5>\n\n\t\t\t\t\t<div id=\"elementor-tab-content-1235\" class=\"elementor-tab-content elementor-clearfix\" data-tab=\"5\" role=\"region\" aria-labelledby=\"elementor-tab-title-1235\"><p>You can ask whatever crosses your mind. Animals will answer in the best way they can. It rarely happens that they don't know the answer or won't talk about something.<\/p><p><strong>The<\/strong> most <strong>frequent questions<\/strong> people have are: Are you happy in our family? Is there something you would like to change? What do you think about someone from the family \u2013 human or animal? Do you remember the life you had before you came into our family? Do you feel pain somewhere in the body? What is your purpose in this lifetime? Is there a reason for certain behavior you have?<\/p><p>If <strong>the animal is not in its physical body anymore,<\/strong> here are the questions you could ask: How are\nyou feeling now? Are you giving me any signs that you are here? Have you met with a certain\nanimal or human in the afterlife? Is there anything you want to let me know?<\/p><\/div>\n\t\t\t\t<\/div>\n\t\t\t\t\t\t\t<div class=\"elementor-toggle-item\">\n\t\t\t\t\t<h5 id=\"elementor-tab-title-1236\" class=\"elementor-tab-title\" data-tab=\"6\" role=\"button\" aria-controls=\"elementor-tab-content-1236\" aria-expanded=\"false\">\n\t\t\t\t\t\t\t\t\t\t\t\t<span class=\"elementor-toggle-icon elementor-toggle-icon-right\" aria-hidden=\"true\">\n\t\t\t\t\t\t\t\t\t\t\t\t\t\t\t<span class=\"elementor-toggle-icon-closed\"><svg xmlns=\"http:\/\/www.w3.org\/2000\/svg\" id=\"a\" width=\"43.104\" height=\"45.888\" viewbox=\"0 0 43.104 45.888\"><polygon points=\"24.096 20.16 24.096 0 19.008 0 19.008 20.16 0 20.16 0 25.248 19.008 25.248 19.008 45.888 24.096 45.888 24.096 25.248 43.104 25.248 43.104 20.16 24.096 20.16\"><\/polygon><\/svg><\/span>\n\t\t\t\t\t\t\t\t<span class=\"elementor-toggle-icon-opened\"><svg xmlns=\"http:\/\/www.w3.org\/2000\/svg\" id=\"a\" width=\"43\" height=\"6\" viewbox=\"0 0 43 6\"><rect width=\"43\" height=\"6\"><\/rect><\/svg><\/span>\n\t\t\t\t\t\t\t\t\t\t\t\t\t<\/span>\n\t\t\t\t\t\t\t\t\t\t\t\t<a class=\"elementor-toggle-title\" tabindex=\"0\">Can you help me with a health issue or behavioral challenges?<\/a>\n\t\t\t\t\t<\/h5>\n\n\t\t\t\t\t<div id=\"elementor-tab-content-1236\" class=\"elementor-tab-content elementor-clearfix\" data-tab=\"6\" role=\"region\" aria-labelledby=\"elementor-tab-title-1236\"><p>I always let my clients know that when it comes to health, animal communication is not the\nreplacement for vet visits nor is the information I receive a diagnosis. If you already had a vet\nappointment and you want to know what your pet has to say about their health, you are\nwelcome to contact me.<\/p><p>Like health issues, it is the same for behavioral issues. Even though I had a lot of positive\nexperiences where I was able to help animals with their behavior, animal communication is not a substitute for trainer or behaviorists.<\/p><\/div>\n\t\t\t\t<\/div>\n\t\t\t\t\t\t\t\t<\/div>\n\t\t\t\t\t\t<\/div>\n\t\t\t\t<\/div>\n\t\t\t\t<\/div>\n\t\t\t\t<\/div>","protected":false},"excerpt":{"rendered":"<p>DA LI MO\u017dE\u0160 KOMUNICIRATI SA SVIM \u017dIVOTINJAMA? Da, sve \u017eivotinje imaju sposobnost me\u0111uvrsne komunikacije, uklju\u010duju\u0107i i kukce. Do sada sam osim sa psima, ma\u010dkama i konjima komunicirala i s pticama, osama, p\u010delama, je\u017eevima, zlatnim ribicama, feretkama, ku\u0107nim \u0161takorima, paucima i ostalima. NE \u017dIVIM BLIZU TEBE, ALI \u017dELIM DA KOMUNICIRA\u0160 S MOJIM LJUBIMCEM. DA LI JE [&hellip;]<\/p>","protected":false},"author":1,"featured_media":0,"parent":0,"menu_order":0,"comment_status":"closed","ping_status":"closed","template":"elementor_header_footer","meta":{"footnotes":""},"class_list":["post-329","page","type-page","status-publish","hentry"],"blocksy_meta":{"styles_descriptor":{"styles":{"desktop":"","tablet":"","mobile":""},"google_fonts":[],"version":6}},"yoast_head":"<!-- This site is optimized with the Yoast SEO Premium plugin v21.0 (Yoast SEO v26.6) - https:\/\/yoast.com\/wordpress\/plugins\/seo\/ -->\n<title>F.A.Q. - Savjetovanje O \u017divotinjama | Komunikacija Sa \u017divotinjama - Hrvatska<\/title>\n<meta name=\"description\" content=\"Mo\u017ee\u0161 li komunicirati s mojim ljubimcom ako ne \u017eivimo blizu? Koja pitanja da postavim svom ljubimcu?\" \/>\n<meta name=\"robots\" content=\"index, follow, max-snippet:-1, max-image-preview:large, max-video-preview:-1\" \/>\n<link rel=\"canonical\" href=\"https:\/\/unspokeneyes.com\/en\/f-a-q\/\" \/>\n<meta property=\"og:locale\" content=\"en_US\" \/>\n<meta property=\"og:type\" content=\"article\" \/>\n<meta property=\"og:title\" content=\"F.A.Q.\" \/>\n<meta property=\"og:description\" content=\"Mo\u017ee\u0161 li komunicirati s mojim ljubimcom ako ne \u017eivimo blizu? Koja pitanja da postavim svom ljubimcu?\" \/>\n<meta property=\"og:url\" content=\"https:\/\/unspokeneyes.com\/en\/f-a-q\/\" \/>\n<meta property=\"og:site_name\" content=\"Savjetovanje O \u017divotinjama | Komunikacija Sa \u017divotinjama - Hrvatska\" \/>\n<meta property=\"article:modified_time\" content=\"2023-12-29T15:27:16+00:00\" \/>\n<meta name=\"twitter:card\" content=\"summary_large_image\" \/>\n<meta name=\"twitter:label1\" content=\"Est. reading time\" \/>\n\t<meta name=\"twitter:data1\" content=\"3 minutes\" \/>\n<script type=\"application\/ld+json\" class=\"yoast-schema-graph\">{\"@context\":\"https:\/\/schema.org\",\"@graph\":[{\"@type\":\"WebPage\",\"@id\":\"https:\/\/unspokeneyes.com\/f-a-q\/\",\"url\":\"https:\/\/unspokeneyes.com\/f-a-q\/\",\"name\":\"F.A.Q. - Savjetovanje O \u017divotinjama | Komunikacija Sa \u017divotinjama - Hrvatska\",\"isPartOf\":{\"@id\":\"https:\/\/unspokeneyes.com\/#website\"},\"datePublished\":\"2023-01-22T00:42:01+00:00\",\"dateModified\":\"2023-12-29T15:27:16+00:00\",\"description\":\"Mo\u017ee\u0161 li komunicirati s mojim ljubimcom ako ne \u017eivimo blizu? Koja pitanja da postavim svom ljubimcu?\",\"breadcrumb\":{\"@id\":\"https:\/\/unspokeneyes.com\/f-a-q\/#breadcrumb\"},\"inLanguage\":\"en-US\",\"potentialAction\":[{\"@type\":\"ReadAction\",\"target\":[\"https:\/\/unspokeneyes.com\/f-a-q\/\"]}]},{\"@type\":\"BreadcrumbList\",\"@id\":\"https:\/\/unspokeneyes.com\/f-a-q\/#breadcrumb\",\"itemListElement\":[{\"@type\":\"ListItem\",\"position\":1,\"name\":\"Home\",\"item\":\"https:\/\/unspokeneyes.com\/\"},{\"@type\":\"ListItem\",\"position\":2,\"name\":\"F.A.Q.\"}]},{\"@type\":\"WebSite\",\"@id\":\"https:\/\/unspokeneyes.com\/#website\",\"url\":\"https:\/\/unspokeneyes.com\/\",\"name\":\"Savjetovanje O \u017divotinjama | Komunikacija Sa \u017divotinjama - Hrvatska\",\"description\":\"Unspoken Eyes je obrt za savjetovanje o \u017eivotinjama\",\"publisher\":{\"@id\":\"https:\/\/unspokeneyes.com\/#organization\"},\"potentialAction\":[{\"@type\":\"SearchAction\",\"target\":{\"@type\":\"EntryPoint\",\"urlTemplate\":\"https:\/\/unspokeneyes.com\/?s={search_term_string}\"},\"query-input\":{\"@type\":\"PropertyValueSpecification\",\"valueRequired\":true,\"valueName\":\"search_term_string\"}}],\"inLanguage\":\"en-US\"},{\"@type\":\"Organization\",\"@id\":\"https:\/\/unspokeneyes.com\/#organization\",\"name\":\"Savjetovanje O \u017divotinjama | Komunikacija Sa \u017divotinjama - Hrvatska\",\"url\":\"https:\/\/unspokeneyes.com\/\",\"logo\":{\"@type\":\"ImageObject\",\"inLanguage\":\"en-US\",\"@id\":\"https:\/\/unspokeneyes.com\/#\/schema\/logo\/image\/\",\"url\":\"https:\/\/unspokeneyes.com\/wp-content\/uploads\/2023\/01\/NivesNaslov.png\",\"contentUrl\":\"https:\/\/unspokeneyes.com\/wp-content\/uploads\/2023\/01\/NivesNaslov.png\",\"width\":550,\"height\":150,\"caption\":\"Savjetovanje O \u017divotinjama | Komunikacija Sa \u017divotinjama - Hrvatska\"},\"image\":{\"@id\":\"https:\/\/unspokeneyes.com\/#\/schema\/logo\/image\/\"}}]}<\/script>\n<!-- \/ Yoast SEO Premium plugin. -->","yoast_head_json":{"title":"F.A.Q. - Savjetovanje O \u017divotinjama | Komunikacija Sa \u017divotinjama - Hrvatska","description":"Mo\u017ee\u0161 li komunicirati s mojim ljubimcom ako ne \u017eivimo blizu? Koja pitanja da postavim svom ljubimcu?","robots":{"index":"index","follow":"follow","max-snippet":"max-snippet:-1","max-image-preview":"max-image-preview:large","max-video-preview":"max-video-preview:-1"},"canonical":"https:\/\/unspokeneyes.com\/en\/f-a-q\/","og_locale":"en_US","og_type":"article","og_title":"F.A.Q.","og_description":"Mo\u017ee\u0161 li komunicirati s mojim ljubimcom ako ne \u017eivimo blizu? Koja pitanja da postavim svom ljubimcu?","og_url":"https:\/\/unspokeneyes.com\/en\/f-a-q\/","og_site_name":"Savjetovanje O \u017divotinjama | Komunikacija Sa \u017divotinjama - Hrvatska","article_modified_time":"2023-12-29T15:27:16+00:00","twitter_card":"summary_large_image","twitter_misc":{"Est. reading time":"3 minutes"},"schema":{"@context":"https:\/\/schema.org","@graph":[{"@type":"WebPage","@id":"https:\/\/unspokeneyes.com\/f-a-q\/","url":"https:\/\/unspokeneyes.com\/f-a-q\/","name":"F.A.Q. - Savjetovanje O \u017divotinjama | Komunikacija Sa \u017divotinjama - Hrvatska","isPartOf":{"@id":"https:\/\/unspokeneyes.com\/#website"},"datePublished":"2023-01-22T00:42:01+00:00","dateModified":"2023-12-29T15:27:16+00:00","description":"Mo\u017ee\u0161 li komunicirati s mojim ljubimcom ako ne \u017eivimo blizu? Koja pitanja da postavim svom ljubimcu?","breadcrumb":{"@id":"https:\/\/unspokeneyes.com\/f-a-q\/#breadcrumb"},"inLanguage":"en-US","potentialAction":[{"@type":"ReadAction","target":["https:\/\/unspokeneyes.com\/f-a-q\/"]}]},{"@type":"BreadcrumbList","@id":"https:\/\/unspokeneyes.com\/f-a-q\/#breadcrumb","itemListElement":[{"@type":"ListItem","position":1,"name":"Home","item":"https:\/\/unspokeneyes.com\/"},{"@type":"ListItem","position":2,"name":"F.A.Q."}]},{"@type":"WebSite","@id":"https:\/\/unspokeneyes.com\/#website","url":"https:\/\/unspokeneyes.com\/","name":"Savjetovanje O \u017divotinjama | Komunikacija Sa \u017divotinjama - Hrvatska","description":"Unspoken Eyes je obrt za savjetovanje o \u017eivotinjama","publisher":{"@id":"https:\/\/unspokeneyes.com\/#organization"},"potentialAction":[{"@type":"SearchAction","target":{"@type":"EntryPoint","urlTemplate":"https:\/\/unspokeneyes.com\/?s={search_term_string}"},"query-input":{"@type":"PropertyValueSpecification","valueRequired":true,"valueName":"search_term_string"}}],"inLanguage":"en-US"},{"@type":"Organization","@id":"https:\/\/unspokeneyes.com\/#organization","name":"Savjetovanje O \u017divotinjama | Komunikacija Sa \u017divotinjama - Hrvatska","url":"https:\/\/unspokeneyes.com\/","logo":{"@type":"ImageObject","inLanguage":"en-US","@id":"https:\/\/unspokeneyes.com\/#\/schema\/logo\/image\/","url":"https:\/\/unspokeneyes.com\/wp-content\/uploads\/2023\/01\/NivesNaslov.png","contentUrl":"https:\/\/unspokeneyes.com\/wp-content\/uploads\/2023\/01\/NivesNaslov.png","width":550,"height":150,"caption":"Savjetovanje O \u017divotinjama | Komunikacija Sa \u017divotinjama - Hrvatska"},"image":{"@id":"https:\/\/unspokeneyes.com\/#\/schema\/logo\/image\/"}}]}},"_links":{"self":[{"href":"https:\/\/unspokeneyes.com\/en\/wp-json\/wp\/v2\/pages\/329","targetHints":{"allow":["GET"]}}],"collection":[{"href":"https:\/\/unspokeneyes.com\/en\/wp-json\/wp\/v2\/pages"}],"about":[{"href":"https:\/\/unspokeneyes.com\/en\/wp-json\/wp\/v2\/types\/page"}],"author":[{"embeddable":true,"href":"https:\/\/unspokeneyes.com\/en\/wp-json\/wp\/v2\/users\/1"}],"replies":[{"embeddable":true,"href":"https:\/\/unspokeneyes.com\/en\/wp-json\/wp\/v2\/comments?post=329"}],"version-history":[{"count":49,"href":"https:\/\/unspokeneyes.com\/en\/wp-json\/wp\/v2\/pages\/329\/revisions"}],"predecessor-version":[{"id":519,"href":"https:\/\/unspokeneyes.com\/en\/wp-json\/wp\/v2\/pages\/329\/revisions\/519"}],"wp:attachment":[{"href":"https:\/\/unspokeneyes.com\/en\/wp-json\/wp\/v2\/media?parent=329"}],"curies":[{"name":"wp","href":"https:\/\/api.w.org\/{rel}","templated":true}]}}