{"id":33,"date":"2023-01-11T18:00:08","date_gmt":"2023-01-11T17:00:08","guid":{"rendered":"https:\/\/unspokeneyes.com\/?page_id=33"},"modified":"2023-03-19T16:43:54","modified_gmt":"2023-03-19T15:43:54","slug":"kontakt","status":"publish","type":"page","link":"https:\/\/unspokeneyes.com\/en\/kontakt\/","title":{"rendered":"CONTACT"},"content":{"rendered":"<div data-elementor-type=\"wp-page\" data-elementor-id=\"33\" class=\"elementor elementor-33\">\n\t\t\t\t<div class=\"elementor-element elementor-element-64f0813 e-flex e-con-boxed e-con e-parent\" data-id=\"64f0813\" data-element_type=\"container\" data-settings=\"{&quot;background_background&quot;:&quot;classic&quot;}\">\n\t\t\t\t\t<div class=\"e-con-inner\">\n\t\t<div class=\"elementor-element elementor-element-68877287 e-con-full e-flex e-con e-parent\" data-id=\"68877287\" data-element_type=\"container\" data-settings=\"{&quot;background_background&quot;:&quot;classic&quot;}\">\n\t\t\t\t<div class=\"elementor-element elementor-element-f3e1aa3 elementor-absolute elementor-hidden-tablet elementor-widget elementor-widget-image\" data-id=\"f3e1aa3\" data-element_type=\"widget\" data-settings=\"{&quot;_position&quot;:&quot;absolute&quot;}\" data-widget_type=\"image.default\">\n\t\t\t\t<div class=\"elementor-widget-container\">\n\t\t\t\t\t\t\t\t\t\t\t\t\t\t\t<img fetchpriority=\"high\" decoding=\"async\" width=\"768\" height=\"1024\" src=\"https:\/\/unspokeneyes.com\/wp-content\/uploads\/2023\/01\/cat-pet-animal-61079-768x1024.jpg\" class=\"attachment-large size-large wp-image-387\" alt=\"alt=\u201dtigrasta ma\u010dka s bijelom flekom na nosu na grani drveta\u201d\" srcset=\"https:\/\/unspokeneyes.com\/wp-content\/uploads\/2023\/01\/cat-pet-animal-61079-768x1024.jpg 768w, https:\/\/unspokeneyes.com\/wp-content\/uploads\/2023\/01\/cat-pet-animal-61079-225x300.jpg 225w, https:\/\/unspokeneyes.com\/wp-content\/uploads\/2023\/01\/cat-pet-animal-61079.jpg 960w\" sizes=\"(max-width: 768px) 100vw, 768px\" \/>\t\t\t\t\t\t\t\t\t\t\t\t\t\t\t<\/div>\n\t\t\t\t<\/div>\n\t\t\t\t<\/div>\n\t\t<div class=\"elementor-element elementor-element-5b76e98b e-con-full e-flex e-con e-parent\" data-id=\"5b76e98b\" data-element_type=\"container\" data-settings=\"{&quot;background_background&quot;:&quot;classic&quot;}\">\n\t\t\t\t<div class=\"elementor-element elementor-element-676b5fe9 elementor-invisible elementor-widget elementor-widget-heading\" data-id=\"676b5fe9\" data-element_type=\"widget\" data-settings=\"{&quot;_animation&quot;:&quot;fadeInUp&quot;}\" data-widget_type=\"heading.default\">\n\t\t\t\t<div class=\"elementor-widget-container\">\n\t\t\t\t\t<h1 class=\"elementor-heading-title elementor-size-default\">Get in touch...<\/h1>\t\t\t\t<\/div>\n\t\t\t\t<\/div>\n\t\t\t\t<div class=\"elementor-element elementor-element-721351d6 elementor-button-align-end elementor-widget elementor-widget-form\" data-id=\"721351d6\" data-element_type=\"widget\" data-settings=\"{&quot;step_next_label&quot;:&quot;Next&quot;,&quot;step_previous_label&quot;:&quot;Previous&quot;,&quot;button_width&quot;:&quot;100&quot;,&quot;step_type&quot;:&quot;number_text&quot;,&quot;step_icon_shape&quot;:&quot;circle&quot;}\" data-widget_type=\"form.default\">\n\t\t\t\t<div class=\"elementor-widget-container\">\n\t\t\t\t\t\t\t<form class=\"elementor-form\" method=\"post\" name=\"Contact Form\" action=\"\">\n\t\t\t<input type=\"hidden\" name=\"post_id\" value=\"33\"\/>\n\t\t\t<input type=\"hidden\" name=\"form_id\" value=\"721351d6\"\/>\n\t\t\t<input type=\"hidden\" name=\"referer_title\" value=\"Savjetovanje O \u017divotinjama | Komunikacija Sa \u017divotinjama &#8211; Hrvatska\" \/>\n\n\t\t\t\n\t\t\t<div class=\"elementor-form-fields-wrapper elementor-labels-\">\n\t\t\t\t\t\t\t\t<div class=\"elementor-field-type-text elementor-field-group elementor-column elementor-field-group-name elementor-col-100 elementor-field-required\">\n\t\t\t\t\t\t\t\t\t\t\t\t<label for=\"form-field-name\" class=\"elementor-field-label elementor-screen-only\">\n\t\t\t\t\t\t\t\tYour Name*\t\t\t\t\t\t\t<\/label>\n\t\t\t\t\t\t\t\t\t\t\t\t\t\t<input size=\"1\" type=\"text\" name=\"form_fields[name]\" id=\"form-field-name\" class=\"elementor-field elementor-size-sm  elementor-field-textual\" placeholder=\"Your Name*\" required=\"required\" aria-required=\"true\">\n\t\t\t\t\t\t\t\t\t\t\t<\/div>\n\t\t\t\t\t\t\t\t<div class=\"elementor-field-type-email elementor-field-group elementor-column elementor-field-group-email elementor-col-100 elementor-field-required\">\n\t\t\t\t\t\t\t\t\t\t\t\t<label for=\"form-field-email\" class=\"elementor-field-label elementor-screen-only\">\n\t\t\t\t\t\t\t\tYour Email*\t\t\t\t\t\t\t<\/label>\n\t\t\t\t\t\t\t\t\t\t\t\t\t\t<input size=\"1\" type=\"email\" name=\"form_fields[email]\" id=\"form-field-email\" class=\"elementor-field elementor-size-sm  elementor-field-textual\" placeholder=\"Your Email*\" required=\"required\" aria-required=\"true\">\n\t\t\t\t\t\t\t\t\t\t\t<\/div>\n\t\t\t\t\t\t\t\t<div class=\"elementor-field-type-text elementor-field-group elementor-column elementor-field-group-field_b743cd7 elementor-col-100 elementor-field-required\">\n\t\t\t\t\t\t\t\t\t\t\t\t<label for=\"form-field-field_b743cd7\" class=\"elementor-field-label elementor-screen-only\">\n\t\t\t\t\t\t\t\tTitle*\t\t\t\t\t\t\t<\/label>\n\t\t\t\t\t\t\t\t\t\t\t\t\t\t<input size=\"1\" type=\"text\" name=\"form_fields[field_b743cd7]\" id=\"form-field-field_b743cd7\" class=\"elementor-field elementor-size-sm  elementor-field-textual\" placeholder=\"Title*\" required=\"required\" aria-required=\"true\">\n\t\t\t\t\t\t\t\t\t\t\t<\/div>\n\t\t\t\t\t\t\t\t<div class=\"elementor-field-type-textarea elementor-field-group elementor-column elementor-field-group-message elementor-col-100 elementor-field-required\">\n\t\t\t\t\t\t\t\t\t\t\t\t<label for=\"form-field-message\" class=\"elementor-field-label elementor-screen-only\">\n\t\t\t\t\t\t\t\tMessage*\t\t\t\t\t\t\t<\/label>\n\t\t\t\t\t\t<textarea class=\"elementor-field-textual elementor-field  elementor-size-sm\" name=\"form_fields[message]\" id=\"form-field-message\" rows=\"3\" placeholder=\"Message*\" required=\"required\" aria-required=\"true\"><\/textarea>\t\t\t\t<\/div>\n\t\t\t\t\t\t\t\t<div class=\"elementor-field-group elementor-column elementor-field-type-submit elementor-col-100 e-form__buttons\">\n\t\t\t\t\t<button type=\"submit\" class=\"elementor-button elementor-size-sm\">\n\t\t\t\t\t\t<span >\n\t\t\t\t\t\t\t\t\t\t\t\t\t\t\t<span class=\"elementor-button-icon\">\n\t\t\t\t\t\t\t\t\t\t\t\t\t\t\t\t\t\t\t\t\t\t\t\t\t\t<\/span>\n\t\t\t\t\t\t\t\t\t\t\t\t\t\t\t\t\t\t\t\t\t\t<span class=\"elementor-button-text\">Send<\/span>\n\t\t\t\t\t\t\t\t\t\t\t\t\t<\/span>\n\t\t\t\t\t<\/button>\n\t\t\t\t<\/div>\n\t\t\t<\/div>\n\t\t<input type=\"hidden\" name=\"trp-form-language\" value=\"en\"\/><\/form>\n\t\t\t\t\t\t<\/div>\n\t\t\t\t<\/div>\n\t\t\t\t<\/div>\n\t\t\t\t\t<\/div>\n\t\t\t\t<\/div>\n\t\t<div class=\"elementor-element elementor-element-c6e4586 e-flex e-con-boxed e-con e-parent\" data-id=\"c6e4586\" data-element_type=\"container\">\n\t\t\t\t\t<div class=\"e-con-inner\">\n\t\t\t\t<div class=\"elementor-element elementor-element-808840e elementor-widget__width-initial elementor-widget-mobile__width-inherit elementor-widget elementor-widget-heading\" data-id=\"808840e\" data-element_type=\"widget\" data-widget_type=\"heading.default\">\n\t\t\t\t<div class=\"elementor-widget-container\">\n\t\t\t\t\t<h2 class=\"elementor-heading-title elementor-size-default\">Prati nas  na<\/h2>\t\t\t\t<\/div>\n\t\t\t\t<\/div>\n\t\t\t\t<div class=\"elementor-element elementor-element-f55e949 e-grid-align-right e-grid-align-mobile-right elementor-widget-mobile__width-initial elementor-shape-rounded elementor-grid-0 elementor-widget elementor-widget-social-icons\" data-id=\"f55e949\" data-element_type=\"widget\" data-widget_type=\"social-icons.default\">\n\t\t\t\t<div class=\"elementor-widget-container\">\n\t\t\t\t\t\t\t<div class=\"elementor-social-icons-wrapper elementor-grid\" role=\"list\">\n\t\t\t\t\t\t\t<span class=\"elementor-grid-item\" role=\"listitem\">\n\t\t\t\t\t<a class=\"elementor-icon elementor-social-icon elementor-social-icon-facebook elementor-repeater-item-858f480\" href=\"https:\/\/web.facebook.com\/unspokeneyes.animalcommunicator\/?_rdc=1&#038;_rdr\" target=\"_blank\">\n\t\t\t\t\t\t<span class=\"elementor-screen-only\">Facebook<\/span>\n\t\t\t\t\t\t<i aria-hidden=\"true\" class=\"fab fa-facebook\"><\/i>\t\t\t\t\t<\/a>\n\t\t\t\t<\/span>\n\t\t\t\t\t\t\t<span class=\"elementor-grid-item\" role=\"listitem\">\n\t\t\t\t\t<a class=\"elementor-icon elementor-social-icon elementor-social-icon-instagram elementor-repeater-item-22585c2\" href=\"https:\/\/www.instagram.com\/unspoken.eyes\/?hl=en\" target=\"_blank\">\n\t\t\t\t\t\t<span class=\"elementor-screen-only\">Instagram<\/span>\n\t\t\t\t\t\t<i aria-hidden=\"true\" class=\"fab fa-instagram\"><\/i>\t\t\t\t\t<\/a>\n\t\t\t\t<\/span>\n\t\t\t\t\t<\/div>\n\t\t\t\t\t\t<\/div>\n\t\t\t\t<\/div>\n\t\t\t\t<div class=\"elementor-element elementor-element-0dd21ae elementor-view-default elementor-widget elementor-widget-icon\" data-id=\"0dd21ae\" data-element_type=\"widget\" data-widget_type=\"icon.default\">\n\t\t\t\t<div class=\"elementor-widget-container\">\n\t\t\t\t\t\t\t<div class=\"elementor-icon-wrapper\">\n\t\t\t<a class=\"elementor-icon\" href=\"https:\/\/www.tiktok.com\/@unspoken.eyes\">\n\t\t\t<i aria-hidden=\"true\" class=\"fab fa-tiktok\"><\/i>\t\t\t<\/a>\n\t\t<\/div>\n\t\t\t\t\t\t<\/div>\n\t\t\t\t<\/div>\n\t\t\t\t\t<\/div>\n\t\t\t\t<\/div>\n\t\t\t\t<\/div>","protected":false},"excerpt":{"rendered":"<p>Javi se&#8230; Prati nas na Facebook Instagram<\/p>","protected":false},"author":1,"featured_media":0,"parent":0,"menu_order":0,"comment_status":"closed","ping_status":"closed","template":"elementor_header_footer","meta":{"footnotes":""},"class_list":["post-33","page","type-page","status-publish","hentry"],"blocksy_meta":{"styles_descriptor":{"styles":{"desktop":"","tablet":"","mobile":""},"google_fonts":[],"version":6}},"yoast_head":"<!-- This site is optimized with the Yoast SEO Premium plugin v21.0 (Yoast SEO v26.6) - https:\/\/yoast.com\/wordpress\/plugins\/seo\/ -->\n<title>KONTAKT - Savjetovanje O \u017divotinjama | Komunikacija Sa \u017divotinjama - Hrvatska<\/title>\n<meta name=\"robots\" content=\"index, follow, max-snippet:-1, max-image-preview:large, max-video-preview:-1\" \/>\n<link rel=\"canonical\" href=\"https:\/\/unspokeneyes.com\/en\/kontakt\/\" \/>\n<meta property=\"og:locale\" content=\"en_US\" \/>\n<meta property=\"og:type\" content=\"article\" \/>\n<meta property=\"og:title\" content=\"KONTAKT\" \/>\n<meta property=\"og:description\" content=\"Javi se&#8230; Prati nas na Facebook Instagram\" \/>\n<meta property=\"og:url\" content=\"https:\/\/unspokeneyes.com\/en\/kontakt\/\" \/>\n<meta property=\"og:site_name\" content=\"Savjetovanje O \u017divotinjama | Komunikacija Sa \u017divotinjama - Hrvatska\" \/>\n<meta property=\"article:modified_time\" content=\"2023-03-19T15:43:54+00:00\" \/>\n<meta property=\"og:image\" content=\"https:\/\/unspokeneyes.com\/wp-content\/uploads\/2023\/01\/cat-pet-animal-61079-768x1024.jpg\" \/>\n<meta name=\"twitter:card\" content=\"summary_large_image\" \/>\n<script type=\"application\/ld+json\" class=\"yoast-schema-graph\">{\"@context\":\"https:\/\/schema.org\",\"@graph\":[{\"@type\":\"WebPage\",\"@id\":\"https:\/\/unspokeneyes.com\/kontakt\/\",\"url\":\"https:\/\/unspokeneyes.com\/kontakt\/\",\"name\":\"KONTAKT - Savjetovanje O \u017divotinjama | Komunikacija Sa \u017divotinjama - Hrvatska\",\"isPartOf\":{\"@id\":\"https:\/\/unspokeneyes.com\/#website\"},\"primaryImageOfPage\":{\"@id\":\"https:\/\/unspokeneyes.com\/kontakt\/#primaryimage\"},\"image\":{\"@id\":\"https:\/\/unspokeneyes.com\/kontakt\/#primaryimage\"},\"thumbnailUrl\":\"https:\/\/unspokeneyes.com\/wp-content\/uploads\/2023\/01\/cat-pet-animal-61079-768x1024.jpg\",\"datePublished\":\"2023-01-11T17:00:08+00:00\",\"dateModified\":\"2023-03-19T15:43:54+00:00\",\"breadcrumb\":{\"@id\":\"https:\/\/unspokeneyes.com\/kontakt\/#breadcrumb\"},\"inLanguage\":\"en-US\",\"potentialAction\":[{\"@type\":\"ReadAction\",\"target\":[\"https:\/\/unspokeneyes.com\/kontakt\/\"]}]},{\"@type\":\"ImageObject\",\"inLanguage\":\"en-US\",\"@id\":\"https:\/\/unspokeneyes.com\/kontakt\/#primaryimage\",\"url\":\"https:\/\/unspokeneyes.com\/wp-content\/uploads\/2023\/01\/cat-pet-animal-61079-768x1024.jpg\",\"contentUrl\":\"https:\/\/unspokeneyes.com\/wp-content\/uploads\/2023\/01\/cat-pet-animal-61079-768x1024.jpg\"},{\"@type\":\"BreadcrumbList\",\"@id\":\"https:\/\/unspokeneyes.com\/kontakt\/#breadcrumb\",\"itemListElement\":[{\"@type\":\"ListItem\",\"position\":1,\"name\":\"Home\",\"item\":\"https:\/\/unspokeneyes.com\/\"},{\"@type\":\"ListItem\",\"position\":2,\"name\":\"KONTAKT\"}]},{\"@type\":\"WebSite\",\"@id\":\"https:\/\/unspokeneyes.com\/#website\",\"url\":\"https:\/\/unspokeneyes.com\/\",\"name\":\"Savjetovanje O \u017divotinjama | Komunikacija Sa \u017divotinjama - Hrvatska\",\"description\":\"Unspoken Eyes je obrt za savjetovanje o \u017eivotinjama\",\"publisher\":{\"@id\":\"https:\/\/unspokeneyes.com\/#organization\"},\"potentialAction\":[{\"@type\":\"SearchAction\",\"target\":{\"@type\":\"EntryPoint\",\"urlTemplate\":\"https:\/\/unspokeneyes.com\/?s={search_term_string}\"},\"query-input\":{\"@type\":\"PropertyValueSpecification\",\"valueRequired\":true,\"valueName\":\"search_term_string\"}}],\"inLanguage\":\"en-US\"},{\"@type\":\"Organization\",\"@id\":\"https:\/\/unspokeneyes.com\/#organization\",\"name\":\"Savjetovanje O \u017divotinjama | Komunikacija Sa \u017divotinjama - Hrvatska\",\"url\":\"https:\/\/unspokeneyes.com\/\",\"logo\":{\"@type\":\"ImageObject\",\"inLanguage\":\"en-US\",\"@id\":\"https:\/\/unspokeneyes.com\/#\/schema\/logo\/image\/\",\"url\":\"https:\/\/unspokeneyes.com\/wp-content\/uploads\/2023\/01\/NivesNaslov.png\",\"contentUrl\":\"https:\/\/unspokeneyes.com\/wp-content\/uploads\/2023\/01\/NivesNaslov.png\",\"width\":550,\"height\":150,\"caption\":\"Savjetovanje O \u017divotinjama | Komunikacija Sa \u017divotinjama - Hrvatska\"},\"image\":{\"@id\":\"https:\/\/unspokeneyes.com\/#\/schema\/logo\/image\/\"}}]}<\/script>\n<!-- \/ Yoast SEO Premium plugin. -->","yoast_head_json":{"title":"KONTAKT - Savjetovanje O \u017divotinjama | Komunikacija Sa \u017divotinjama - Hrvatska","robots":{"index":"index","follow":"follow","max-snippet":"max-snippet:-1","max-image-preview":"max-image-preview:large","max-video-preview":"max-video-preview:-1"},"canonical":"https:\/\/unspokeneyes.com\/en\/kontakt\/","og_locale":"en_US","og_type":"article","og_title":"KONTAKT","og_description":"Javi se&#8230; Prati nas na Facebook Instagram","og_url":"https:\/\/unspokeneyes.com\/en\/kontakt\/","og_site_name":"Savjetovanje O \u017divotinjama | Komunikacija Sa \u017divotinjama - Hrvatska","article_modified_time":"2023-03-19T15:43:54+00:00","og_image":[{"url":"https:\/\/unspokeneyes.com\/wp-content\/uploads\/2023\/01\/cat-pet-animal-61079-768x1024.jpg","type":"","width":"","height":""}],"twitter_card":"summary_large_image","schema":{"@context":"https:\/\/schema.org","@graph":[{"@type":"WebPage","@id":"https:\/\/unspokeneyes.com\/kontakt\/","url":"https:\/\/unspokeneyes.com\/kontakt\/","name":"KONTAKT - Savjetovanje O \u017divotinjama | Komunikacija Sa \u017divotinjama - Hrvatska","isPartOf":{"@id":"https:\/\/unspokeneyes.com\/#website"},"primaryImageOfPage":{"@id":"https:\/\/unspokeneyes.com\/kontakt\/#primaryimage"},"image":{"@id":"https:\/\/unspokeneyes.com\/kontakt\/#primaryimage"},"thumbnailUrl":"https:\/\/unspokeneyes.com\/wp-content\/uploads\/2023\/01\/cat-pet-animal-61079-768x1024.jpg","datePublished":"2023-01-11T17:00:08+00:00","dateModified":"2023-03-19T15:43:54+00:00","breadcrumb":{"@id":"https:\/\/unspokeneyes.com\/kontakt\/#breadcrumb"},"inLanguage":"en-US","potentialAction":[{"@type":"ReadAction","target":["https:\/\/unspokeneyes.com\/kontakt\/"]}]},{"@type":"ImageObject","inLanguage":"en-US","@id":"https:\/\/unspokeneyes.com\/kontakt\/#primaryimage","url":"https:\/\/unspokeneyes.com\/wp-content\/uploads\/2023\/01\/cat-pet-animal-61079-768x1024.jpg","contentUrl":"https:\/\/unspokeneyes.com\/wp-content\/uploads\/2023\/01\/cat-pet-animal-61079-768x1024.jpg"},{"@type":"BreadcrumbList","@id":"https:\/\/unspokeneyes.com\/kontakt\/#breadcrumb","itemListElement":[{"@type":"ListItem","position":1,"name":"Home","item":"https:\/\/unspokeneyes.com\/"},{"@type":"ListItem","position":2,"name":"KONTAKT"}]},{"@type":"WebSite","@id":"https:\/\/unspokeneyes.com\/#website","url":"https:\/\/unspokeneyes.com\/","name":"Savjetovanje O \u017divotinjama | Komunikacija Sa \u017divotinjama - Hrvatska","description":"Unspoken Eyes je obrt za savjetovanje o \u017eivotinjama","publisher":{"@id":"https:\/\/unspokeneyes.com\/#organization"},"potentialAction":[{"@type":"SearchAction","target":{"@type":"EntryPoint","urlTemplate":"https:\/\/unspokeneyes.com\/?s={search_term_string}"},"query-input":{"@type":"PropertyValueSpecification","valueRequired":true,"valueName":"search_term_string"}}],"inLanguage":"en-US"},{"@type":"Organization","@id":"https:\/\/unspokeneyes.com\/#organization","name":"Savjetovanje O \u017divotinjama | Komunikacija Sa \u017divotinjama - Hrvatska","url":"https:\/\/unspokeneyes.com\/","logo":{"@type":"ImageObject","inLanguage":"en-US","@id":"https:\/\/unspokeneyes.com\/#\/schema\/logo\/image\/","url":"https:\/\/unspokeneyes.com\/wp-content\/uploads\/2023\/01\/NivesNaslov.png","contentUrl":"https:\/\/unspokeneyes.com\/wp-content\/uploads\/2023\/01\/NivesNaslov.png","width":550,"height":150,"caption":"Savjetovanje O \u017divotinjama | Komunikacija Sa \u017divotinjama - Hrvatska"},"image":{"@id":"https:\/\/unspokeneyes.com\/#\/schema\/logo\/image\/"}}]}},"_links":{"self":[{"href":"https:\/\/unspokeneyes.com\/en\/wp-json\/wp\/v2\/pages\/33","targetHints":{"allow":["GET"]}}],"collection":[{"href":"https:\/\/unspokeneyes.com\/en\/wp-json\/wp\/v2\/pages"}],"about":[{"href":"https:\/\/unspokeneyes.com\/en\/wp-json\/wp\/v2\/types\/page"}],"author":[{"embeddable":true,"href":"https:\/\/unspokeneyes.com\/en\/wp-json\/wp\/v2\/users\/1"}],"replies":[{"embeddable":true,"href":"https:\/\/unspokeneyes.com\/en\/wp-json\/wp\/v2\/comments?post=33"}],"version-history":[{"count":59,"href":"https:\/\/unspokeneyes.com\/en\/wp-json\/wp\/v2\/pages\/33\/revisions"}],"predecessor-version":[{"id":900,"href":"https:\/\/unspokeneyes.com\/en\/wp-json\/wp\/v2\/pages\/33\/revisions\/900"}],"wp:attachment":[{"href":"https:\/\/unspokeneyes.com\/en\/wp-json\/wp\/v2\/media?parent=33"}],"curies":[{"name":"wp","href":"https:\/\/api.w.org\/{rel}","templated":true}]}}